{"id":5501,"date":"2025-03-26T15:49:59","date_gmt":"2025-03-26T14:49:59","guid":{"rendered":"https:\/\/keithbaddeley.com\/?page_id=5501"},"modified":"2025-03-27T17:51:59","modified_gmt":"2025-03-27T16:51:59","slug":"portafolio","status":"publish","type":"page","link":"https:\/\/keithbaddeley.com\/es\/portafolio\/","title":{"rendered":"Portafolio"},"content":{"rendered":"\n<style type=\"text\/css\" data-created_by=\"avia_inline_auto\" id=\"style-css-av-ldoc0og9-80bf31e04eb0644e100c6dd76d4febcc\">\n.avia-section.av-ldoc0og9-80bf31e04eb0644e100c6dd76d4febcc{\nbackground-color:#135689;\nbackground-image:unset;\n}\n<\/style>\n<div id='av_section_1'  class='avia-section av-ldoc0og9-80bf31e04eb0644e100c6dd76d4febcc main_color avia-section-default avia-no-border-styling  avia-builder-el-0  el_before_av_section  avia-builder-el-first  avia-bg-style-fixed container_wrap fullsize'  ><div class='container av-section-cont-open' ><main  role=\"main\" itemprop=\"mainContentOfPage\"  class='template-page content  av-content-full alpha units'><div class='post-entry post-entry-type-page post-entry-5501'><div class='entry-content-wrapper clearfix'>\n\n<style type=\"text\/css\" data-created_by=\"avia_inline_auto\" id=\"style-css-av-leiqcpfs-8b4c9e1ba3a613d3853c712f48611c9b\">\n#top .av-special-heading.av-leiqcpfs-8b4c9e1ba3a613d3853c712f48611c9b{\ncolor:#ffffff;\nfont-size:44px;\n}\nbody .av-special-heading.av-leiqcpfs-8b4c9e1ba3a613d3853c712f48611c9b .av-special-heading-tag .heading-char{\nfont-size:25px;\n}\n#top #wrap_all .av-special-heading.av-leiqcpfs-8b4c9e1ba3a613d3853c712f48611c9b .av-special-heading-tag{\nfont-size:44px;\n}\n.av-special-heading.av-leiqcpfs-8b4c9e1ba3a613d3853c712f48611c9b .special-heading-inner-border{\nborder-color:#ffffff;\n}\n.av-special-heading.av-leiqcpfs-8b4c9e1ba3a613d3853c712f48611c9b .av-subheading{\nfont-size:15px;\n}\n\n@media only screen and (min-width: 990px){ \n#top #wrap_all .av-special-heading.av-leiqcpfs-8b4c9e1ba3a613d3853c712f48611c9b .av-special-heading-tag{\nfont-size:44px;\n}\n}\n\n@media only screen and (min-width: 768px) and (max-width: 989px){ \n#top #wrap_all .av-special-heading.av-leiqcpfs-8b4c9e1ba3a613d3853c712f48611c9b .av-special-heading-tag{\nfont-size:34px;\n}\n}\n\n@media only screen and (min-width: 480px) and (max-width: 767px){ \n#top #wrap_all .av-special-heading.av-leiqcpfs-8b4c9e1ba3a613d3853c712f48611c9b .av-special-heading-tag{\nfont-size:34px;\n}\n}\n\n@media only screen and (max-width: 479px){ \n#top #wrap_all .av-special-heading.av-leiqcpfs-8b4c9e1ba3a613d3853c712f48611c9b .av-special-heading-tag{\nfont-size:26px;\n}\n}\n<\/style>\n<div  class='av-special-heading av-leiqcpfs-8b4c9e1ba3a613d3853c712f48611c9b av-special-heading-h1 custom-color-heading blockquote modern-quote modern-centered  avia-builder-el-1  avia-builder-el-no-sibling  av-inherit-size'><h1 class='av-special-heading-tag '  itemprop=\"headline\"  >Descifrar la ciberseguridad para lograr un impacto global<\/h1><div class=\"special-heading-border\"><div class=\"special-heading-inner-border\"><\/div><\/div><\/div>\n\n<\/div><\/div><\/main><!-- close content main element --><\/div><\/div><div id='av_section_2'  class='avia-section av-7wei4-0d6693d177af6f074fa301893cecf84e main_color avia-section-small avia-no-border-styling  avia-builder-el-2  el_after_av_section  el_before_av_section  avia-bg-style-scroll av-minimum-height av-minimum-height-75 av-height-75  container_wrap fullsize'   data-av_minimum_height_pc='75' data-av_min_height_opt='75'><div class='container av-section-cont-open' ><div class='template-page content  av-content-full alpha units'><div class='post-entry post-entry-type-page post-entry-5501'><div class='entry-content-wrapper clearfix'>\n\n<style type=\"text\/css\" data-created_by=\"avia_inline_auto\" id=\"style-css-av-m8q61br1-ae4a3916e15a6b2e20913e35aec75665\">\n#top .av_textblock_section.av-m8q61br1-ae4a3916e15a6b2e20913e35aec75665 .avia_textblock{\nfont-size:20px;\n}\n<\/style>\n<section  class='av_textblock_section av-m8q61br1-ae4a3916e15a6b2e20913e35aec75665 '   itemscope=\"itemscope\" itemtype=\"https:\/\/schema.org\/CreativeWork\" ><div class='avia_textblock'  itemprop=\"text\" ><p>Este portafolio explica c\u00f3mo ayudo a l\u00edderes en ciberseguridad a comunicarse con su p\u00fablico internacional de manera eficaz.\u00a0Mediante traducci\u00f3n especializada y servicios de contenido estrat\u00e9gico, transformo conceptos complejos de seguridad en un ingl\u00e9s claro que fomenta la participaci\u00f3n, la adopci\u00f3n y la comprensi\u00f3n.<\/p>\n<p>Explora las historias de \u00e9xito para ver c\u00f3mo mi experiencia \u00fanica en TI y servicios ling\u00fc\u00edsticos ha ayudado a especialistas en medios, plataformas de aprendizaje, fabricantes globales y proveedores de soluciones a resolver sus desaf\u00edos de comunicaci\u00f3n.<\/p>\n<p>\u00bfPor qu\u00e9 no tomar un caf\u00e9 y dedicar cinco minutos a descubrir c\u00f3mo podr\u00edamos trabajar juntos para impulsar tu impacto internacional?<\/p>\n<\/div><\/section>\n\n<style type=\"text\/css\" data-created_by=\"avia_inline_auto\" id=\"style-css-av-m8q689d5-d70ce5831b72321457cec52b38141c44\">\n#top .hr.hr-invisible.av-m8q689d5-d70ce5831b72321457cec52b38141c44{\nheight:14px;\n}\n<\/style>\n<div  class='hr av-m8q689d5-d70ce5831b72321457cec52b38141c44 hr-invisible  avia-builder-el-4  el_after_av_textblock  el_before_av_codeblock '><span class='hr-inner '><span class=\"hr-inner-style\"><\/span><\/span><\/div>\n\n\n<\/div><\/div><\/div><!-- close content main div --><\/div><\/div>\n<style type=\"text\/css\" data-created_by=\"avia_inline_auto\" id=\"style-css-av-av_section-ca621be4d08527072b5aea5a3aa03552\">\n.avia-section.av-av_section-ca621be4d08527072b5aea5a3aa03552{\nbackground-color:#135689;\nbackground-image:unset;\n}\n<\/style>\n<div id='av_section_3'  class='avia-section av-av_section-ca621be4d08527072b5aea5a3aa03552 alternate_color avia-section-small avia-no-border-styling  avia-builder-el-6  el_after_av_section  avia-builder-el-last  avia-bg-style-scroll container_wrap fullsize'  ><div class='container av-section-cont-open' ><div class='template-page content  av-content-full alpha units'><div class='post-entry post-entry-type-page post-entry-5501'><div class='entry-content-wrapper clearfix'>\n\n<style type=\"text\/css\" data-created_by=\"avia_inline_auto\" id=\"style-css-av-av_hr-28034309f1084a67114a65e3ffa75ab2\">\n#top .hr.hr-invisible.av-av_hr-28034309f1084a67114a65e3ffa75ab2{\nmargin-top:-20px;\nheight:1px;\n}\n<\/style>\n<div  class='hr av-av_hr-28034309f1084a67114a65e3ffa75ab2 hr-invisible  avia-builder-el-7  el_before_av_heading  avia-builder-el-first '><span class='hr-inner '><span class=\"hr-inner-style\"><\/span><\/span><\/div>\n\n<style type=\"text\/css\" data-created_by=\"avia_inline_auto\" id=\"style-css-av-av_heading-bb78fafd43a800a508d09cb1dd5a380c\">\n#top .av-special-heading.av-av_heading-bb78fafd43a800a508d09cb1dd5a380c{\npadding-bottom:3px;\ncolor:#ffffff;\nfont-size:30px;\n}\nbody .av-special-heading.av-av_heading-bb78fafd43a800a508d09cb1dd5a380c .av-special-heading-tag .heading-char{\nfont-size:25px;\n}\n#top #wrap_all .av-special-heading.av-av_heading-bb78fafd43a800a508d09cb1dd5a380c .av-special-heading-tag{\nfont-size:30px;\n}\n.av-special-heading.av-av_heading-bb78fafd43a800a508d09cb1dd5a380c .special-heading-inner-border{\nborder-color:#ffffff;\n}\n.av-special-heading.av-av_heading-bb78fafd43a800a508d09cb1dd5a380c .av-subheading{\nfont-size:15px;\n}\n\n@media only screen and (min-width: 480px) and (max-width: 767px){ \n#top #wrap_all .av-special-heading.av-av_heading-bb78fafd43a800a508d09cb1dd5a380c .av-special-heading-tag{\nfont-size:0.8em;\n}\n}\n\n@media only screen and (max-width: 479px){ \n#top #wrap_all .av-special-heading.av-av_heading-bb78fafd43a800a508d09cb1dd5a380c .av-special-heading-tag{\nfont-size:0.8em;\n}\n}\n<\/style>\n<div  class='av-special-heading av-av_heading-bb78fafd43a800a508d09cb1dd5a380c av-special-heading-h2 custom-color-heading blockquote modern-quote modern-centered  avia-builder-el-8  el_after_av_hr  el_before_av_textblock  av-inherit-size'><h2 class='av-special-heading-tag '  itemprop=\"headline\"  >Trabajar conmigo es f\u00e1cil. \u00bfTu empresa est\u00e1 preparada?<\/h2><div class=\"special-heading-border\"><div class=\"special-heading-inner-border\"><\/div><\/div><\/div>\n\n<style type=\"text\/css\" data-created_by=\"avia_inline_auto\" id=\"style-css-av-m8rlcmqu-9acf153bc8db61de8c2a1905d669886d\">\n#top .av_textblock_section.av-m8rlcmqu-9acf153bc8db61de8c2a1905d669886d .avia_textblock{\nfont-size:20px;\n}\n<\/style>\n<section  class='av_textblock_section av-m8rlcmqu-9acf153bc8db61de8c2a1905d669886d '   itemscope=\"itemscope\" itemtype=\"https:\/\/schema.org\/CreativeWork\" ><div class='avia_textblock'  itemprop=\"text\" ><p style=\"text-align: center;\">Solo tienes que mandarme el documento que desees traducir por correo electr\u00f3nico a <a href=\"mailto:keith@keithbaddeley.com\">keith@keithbaddeley.com<\/a> y te enviar\u00e9 un presupuesto de inmediato.<\/p>\n<p style=\"text-align: center;\">Si deseas obtener m\u00e1s informaci\u00f3n sobre mi experiencia y c\u00f3mo trabajo, haz clic en el bot\u00f3n para concertar una llamada inicial conmigo.<\/p>\n<\/div><\/section>\n<div  class='avia-button-wrap av-m8q7ie4h-2a99f00f057c8c37941bd170da831f43-wrap avia-button-center  avia-builder-el-10  el_after_av_textblock  el_before_av_textblock '>\n<style type=\"text\/css\" data-created_by=\"avia_inline_auto\" id=\"style-css-av-m8q7ie4h-2a99f00f057c8c37941bd170da831f43\">\n#top #wrap_all .avia-button.av-m8q7ie4h-2a99f00f057c8c37941bd170da831f43{\nfont-size:22px;\nbackground-color:#01ccff;\nborder-color:#01ccff;\ncolor:#135589;\ntransition:all 0.4s ease-in-out;\n}\n#top #wrap_all .avia-button.av-m8q7ie4h-2a99f00f057c8c37941bd170da831f43 .avia-svg-icon svg:first-child{\nfill:#135589;\nstroke:#135589;\n}\n\n@media only screen and (min-width: 990px){ \n#top #wrap_all .avia-button.av-m8q7ie4h-2a99f00f057c8c37941bd170da831f43{\nfont-size:22px;\n}\n}\n\n@media only screen and (min-width: 768px) and (max-width: 989px){ \n#top #wrap_all .avia-button.av-m8q7ie4h-2a99f00f057c8c37941bd170da831f43{\nfont-size:20px;\n}\n}\n\n@media only screen and (min-width: 480px) and (max-width: 767px){ \n#top #wrap_all .avia-button.av-m8q7ie4h-2a99f00f057c8c37941bd170da831f43{\nfont-size:20px;\n}\n}\n\n@media only screen and (max-width: 479px){ \n#top #wrap_all .avia-button.av-m8q7ie4h-2a99f00f057c8c37941bd170da831f43{\nfont-size:18px;\n}\n}\n<\/style>\n<a href='https:\/\/calendar.app.google\/UPNvfBKn8QwimuuJ8'  class='avia-button av-m8q7ie4h-2a99f00f057c8c37941bd170da831f43 av-link-btn avia-icon_select-no avia-size-x-large avia-position-center'  target=\"_blank\"  rel=\"noopener noreferrer\"  aria-label=\"Concierta una llamada para hablar de su proyecto\"><span class='avia_iconbox_title' >Concierta una llamada para hablar de su proyecto<\/span><\/a><\/div>\n\n<style type=\"text\/css\" data-created_by=\"avia_inline_auto\" id=\"style-css-av-av_textblock-28397ff4a0e3124243b65beb3b094161\">\n#top .av_textblock_section.av-av_textblock-28397ff4a0e3124243b65beb3b094161 .avia_textblock{\nfont-size:20px;\n}\n<\/style>\n<section  class='av_textblock_section av-av_textblock-28397ff4a0e3124243b65beb3b094161 '   itemscope=\"itemscope\" itemtype=\"https:\/\/schema.org\/CreativeWork\" ><div class='avia_textblock'  itemprop=\"text\" ><p style=\"text-align: center;\">O rellena el <a href=\"https:\/\/keithbaddeley.com\/es\/contacto\/\">formulario de contacto<\/a>.<\/p>\n<\/div><\/section>\n\n","protected":false},"excerpt":{"rendered":"","protected":false},"author":1,"featured_media":0,"parent":0,"menu_order":60,"comment_status":"closed","ping_status":"closed","template":"","meta":{"footnotes":""},"class_list":["post-5501","page","type-page","status-publish","hentry"],"yoast_head":"<!-- This site is optimized with the Yoast SEO plugin v27.3 - https:\/\/yoast.com\/product\/yoast-seo-wordpress\/ -->\n<title>Portafolio de Comunicaci\u00f3n sobre Ciberseguridad | Keith Baddeley<\/title>\n<meta name=\"description\" content=\"Descubre c\u00f3mo transformo contenido complejo sobre ciberseguridad en comunicaciones claras en ingl\u00e9s para maximizar el impacto internacional.\" \/>\n<meta name=\"robots\" content=\"index, follow, max-snippet:-1, max-image-preview:large, max-video-preview:-1\" \/>\n<link rel=\"canonical\" href=\"https:\/\/keithbaddeley.com\/es\/portafolio\/\" \/>\n<meta property=\"og:locale\" content=\"es_ES\" \/>\n<meta property=\"og:type\" content=\"article\" \/>\n<meta property=\"og:title\" content=\"English Technical and Business Translation for the IT Industry\" \/>\n<meta property=\"og:description\" content=\"English technical and business translation services for the IT industry. Specialist in information technology and business communication.\" \/>\n<meta property=\"og:url\" content=\"https:\/\/keithbaddeley.com\/es\/portafolio\/\" \/>\n<meta property=\"og:site_name\" content=\"Traducci\u00f3n t\u00e9cnica y empresarial a ingl\u00e9s para el sector TIC\" \/>\n<meta property=\"article:modified_time\" content=\"2025-03-27T16:51:59+00:00\" \/>\n<meta name=\"twitter:card\" content=\"summary_large_image\" \/>\n<meta name=\"twitter:title\" content=\"English Technical and Business Translation for the IT Industry\" \/>\n<meta name=\"twitter:description\" content=\"English technical and business translation services for the IT industry. Specialist in information technology and business communication.\" \/>\n<meta name=\"twitter:label1\" content=\"Tiempo de lectura\" \/>\n\t<meta name=\"twitter:data1\" content=\"1 minuto\" \/>\n<script type=\"application\/ld+json\" class=\"yoast-schema-graph\">{\"@context\":\"https:\\\/\\\/schema.org\",\"@graph\":[{\"@type\":\"WebPage\",\"@id\":\"https:\\\/\\\/keithbaddeley.com\\\/es\\\/portafolio\\\/\",\"url\":\"https:\\\/\\\/keithbaddeley.com\\\/es\\\/portafolio\\\/\",\"name\":\"Portafolio de Comunicaci\u00f3n sobre Ciberseguridad | Keith Baddeley\",\"isPartOf\":{\"@id\":\"https:\\\/\\\/keithbaddeley.com\\\/es\\\/#website\"},\"datePublished\":\"2025-03-26T14:49:59+00:00\",\"dateModified\":\"2025-03-27T16:51:59+00:00\",\"description\":\"Descubre c\u00f3mo transformo contenido complejo sobre ciberseguridad en comunicaciones claras en ingl\u00e9s para maximizar el impacto internacional.\",\"breadcrumb\":{\"@id\":\"https:\\\/\\\/keithbaddeley.com\\\/es\\\/portafolio\\\/#breadcrumb\"},\"inLanguage\":\"es\",\"potentialAction\":[{\"@type\":\"ReadAction\",\"target\":[\"https:\\\/\\\/keithbaddeley.com\\\/es\\\/portafolio\\\/\"]}]},{\"@type\":\"BreadcrumbList\",\"@id\":\"https:\\\/\\\/keithbaddeley.com\\\/es\\\/portafolio\\\/#breadcrumb\",\"itemListElement\":[{\"@type\":\"ListItem\",\"position\":1,\"name\":\"Home\",\"item\":\"https:\\\/\\\/keithbaddeley.com\\\/es\\\/inicio\\\/\"},{\"@type\":\"ListItem\",\"position\":2,\"name\":\"Portafolio\"}]},{\"@type\":\"WebSite\",\"@id\":\"https:\\\/\\\/keithbaddeley.com\\\/es\\\/#website\",\"url\":\"https:\\\/\\\/keithbaddeley.com\\\/es\\\/\",\"name\":\"English Technical and Business Translation for the IT Industry\",\"description\":\"Servicios de traducci\u00f3n t\u00e9cnica y empresarial a ingl\u00e9s para el sector TIC. Traductor especialista en TI y comunicaci\u00f3n empresarial.\",\"publisher\":{\"@id\":\"https:\\\/\\\/keithbaddeley.com\\\/es\\\/#organization\"},\"potentialAction\":[{\"@type\":\"SearchAction\",\"target\":{\"@type\":\"EntryPoint\",\"urlTemplate\":\"https:\\\/\\\/keithbaddeley.com\\\/es\\\/?s={search_term_string}\"},\"query-input\":{\"@type\":\"PropertyValueSpecification\",\"valueRequired\":true,\"valueName\":\"search_term_string\"}}],\"inLanguage\":\"es\"},{\"@type\":\"Organization\",\"@id\":\"https:\\\/\\\/keithbaddeley.com\\\/es\\\/#organization\",\"name\":\"Keith Baddeley\",\"url\":\"https:\\\/\\\/keithbaddeley.com\\\/es\\\/\",\"logo\":{\"@type\":\"ImageObject\",\"inLanguage\":\"es\",\"@id\":\"https:\\\/\\\/keithbaddeley.com\\\/es\\\/#\\\/schema\\\/logo\\\/image\\\/\",\"url\":\"https:\\\/\\\/keithbaddeley.com\\\/wp-content\\\/uploads\\\/2023\\\/03\\\/KBT_Logo_Blue2584bf.jpg\",\"contentUrl\":\"https:\\\/\\\/keithbaddeley.com\\\/wp-content\\\/uploads\\\/2023\\\/03\\\/KBT_Logo_Blue2584bf.jpg\",\"width\":1360,\"height\":358,\"caption\":\"Keith Baddeley\"},\"image\":{\"@id\":\"https:\\\/\\\/keithbaddeley.com\\\/es\\\/#\\\/schema\\\/logo\\\/image\\\/\"}}]}<\/script>\n<!-- \/ Yoast SEO plugin. -->","yoast_head_json":{"title":"Portafolio de Comunicaci\u00f3n sobre Ciberseguridad | Keith Baddeley","description":"Descubre c\u00f3mo transformo contenido complejo sobre ciberseguridad en comunicaciones claras en ingl\u00e9s para maximizar el impacto internacional.","robots":{"index":"index","follow":"follow","max-snippet":"max-snippet:-1","max-image-preview":"max-image-preview:large","max-video-preview":"max-video-preview:-1"},"canonical":"https:\/\/keithbaddeley.com\/es\/portafolio\/","og_locale":"es_ES","og_type":"article","og_title":"English Technical and Business Translation for the IT Industry","og_description":"English technical and business translation services for the IT industry. Specialist in information technology and business communication.","og_url":"https:\/\/keithbaddeley.com\/es\/portafolio\/","og_site_name":"Traducci\u00f3n t\u00e9cnica y empresarial a ingl\u00e9s para el sector TIC","article_modified_time":"2025-03-27T16:51:59+00:00","twitter_card":"summary_large_image","twitter_title":"English Technical and Business Translation for the IT Industry","twitter_description":"English technical and business translation services for the IT industry. Specialist in information technology and business communication.","twitter_misc":{"Tiempo de lectura":"1 minuto"},"schema":{"@context":"https:\/\/schema.org","@graph":[{"@type":"WebPage","@id":"https:\/\/keithbaddeley.com\/es\/portafolio\/","url":"https:\/\/keithbaddeley.com\/es\/portafolio\/","name":"Portafolio de Comunicaci\u00f3n sobre Ciberseguridad | Keith Baddeley","isPartOf":{"@id":"https:\/\/keithbaddeley.com\/es\/#website"},"datePublished":"2025-03-26T14:49:59+00:00","dateModified":"2025-03-27T16:51:59+00:00","description":"Descubre c\u00f3mo transformo contenido complejo sobre ciberseguridad en comunicaciones claras en ingl\u00e9s para maximizar el impacto internacional.","breadcrumb":{"@id":"https:\/\/keithbaddeley.com\/es\/portafolio\/#breadcrumb"},"inLanguage":"es","potentialAction":[{"@type":"ReadAction","target":["https:\/\/keithbaddeley.com\/es\/portafolio\/"]}]},{"@type":"BreadcrumbList","@id":"https:\/\/keithbaddeley.com\/es\/portafolio\/#breadcrumb","itemListElement":[{"@type":"ListItem","position":1,"name":"Home","item":"https:\/\/keithbaddeley.com\/es\/inicio\/"},{"@type":"ListItem","position":2,"name":"Portafolio"}]},{"@type":"WebSite","@id":"https:\/\/keithbaddeley.com\/es\/#website","url":"https:\/\/keithbaddeley.com\/es\/","name":"English Technical and Business Translation for the IT Industry","description":"Servicios de traducci\u00f3n t\u00e9cnica y empresarial a ingl\u00e9s para el sector TIC. Traductor especialista en TI y comunicaci\u00f3n empresarial.","publisher":{"@id":"https:\/\/keithbaddeley.com\/es\/#organization"},"potentialAction":[{"@type":"SearchAction","target":{"@type":"EntryPoint","urlTemplate":"https:\/\/keithbaddeley.com\/es\/?s={search_term_string}"},"query-input":{"@type":"PropertyValueSpecification","valueRequired":true,"valueName":"search_term_string"}}],"inLanguage":"es"},{"@type":"Organization","@id":"https:\/\/keithbaddeley.com\/es\/#organization","name":"Keith Baddeley","url":"https:\/\/keithbaddeley.com\/es\/","logo":{"@type":"ImageObject","inLanguage":"es","@id":"https:\/\/keithbaddeley.com\/es\/#\/schema\/logo\/image\/","url":"https:\/\/keithbaddeley.com\/wp-content\/uploads\/2023\/03\/KBT_Logo_Blue2584bf.jpg","contentUrl":"https:\/\/keithbaddeley.com\/wp-content\/uploads\/2023\/03\/KBT_Logo_Blue2584bf.jpg","width":1360,"height":358,"caption":"Keith Baddeley"},"image":{"@id":"https:\/\/keithbaddeley.com\/es\/#\/schema\/logo\/image\/"}}]}},"_links":{"self":[{"href":"https:\/\/keithbaddeley.com\/es\/wp-json\/wp\/v2\/pages\/5501","targetHints":{"allow":["GET"]}}],"collection":[{"href":"https:\/\/keithbaddeley.com\/es\/wp-json\/wp\/v2\/pages"}],"about":[{"href":"https:\/\/keithbaddeley.com\/es\/wp-json\/wp\/v2\/types\/page"}],"author":[{"embeddable":true,"href":"https:\/\/keithbaddeley.com\/es\/wp-json\/wp\/v2\/users\/1"}],"replies":[{"embeddable":true,"href":"https:\/\/keithbaddeley.com\/es\/wp-json\/wp\/v2\/comments?post=5501"}],"version-history":[{"count":14,"href":"https:\/\/keithbaddeley.com\/es\/wp-json\/wp\/v2\/pages\/5501\/revisions"}],"predecessor-version":[{"id":5606,"href":"https:\/\/keithbaddeley.com\/es\/wp-json\/wp\/v2\/pages\/5501\/revisions\/5606"}],"wp:attachment":[{"href":"https:\/\/keithbaddeley.com\/es\/wp-json\/wp\/v2\/media?parent=5501"}],"curies":[{"name":"wp","href":"https:\/\/api.w.org\/{rel}","templated":true}]}}