{"id":838,"date":"2018-08-08T09:02:58","date_gmt":"2018-08-08T07:02:58","guid":{"rendered":"https:\/\/keithbaddeley.com\/?page_id=838"},"modified":"2024-10-10T17:36:28","modified_gmt":"2024-10-10T15:36:28","slug":"aviso-legal","status":"publish","type":"page","link":"https:\/\/keithbaddeley.com\/es\/aviso-legal\/","title":{"rendered":"Aviso legal y condiciones de uso"},"content":{"rendered":"\n<style type=\"text\/css\" data-created_by=\"avia_inline_auto\" id=\"style-css-av-jiud4tx5-a306633f92c169febae360c55668a66d\">\n.avia-section.av-jiud4tx5-a306633f92c169febae360c55668a66d{\nbackground-color:#4277a0;\nbackground-image:unset;\n}\n<\/style>\n<div id='av_section_1'  class='avia-section av-jiud4tx5-a306633f92c169febae360c55668a66d main_color avia-section-default avia-no-border-styling  avia-builder-el-0  el_before_av_textblock  avia-builder-el-first  avia-bg-style-scroll av-minimum-height av-minimum-height-25 av-height-25  container_wrap fullsize'   data-av_minimum_height_pc='25' data-av_min_height_opt='25'><div class='container av-section-cont-open' ><main  role=\"main\" itemprop=\"mainContentOfPage\"  class='template-page content  av-content-full alpha units'><div class='post-entry post-entry-type-page post-entry-838'><div class='entry-content-wrapper clearfix'>\n\n<style type=\"text\/css\" data-created_by=\"avia_inline_auto\" id=\"style-css-av-lf53u6la-4407e4010ad79d7c8dcd688cea480a6a\">\n#top .av-special-heading.av-lf53u6la-4407e4010ad79d7c8dcd688cea480a6a{\npadding-bottom:10px;\ncolor:#ffffff;\nfont-size:50px;\n}\nbody .av-special-heading.av-lf53u6la-4407e4010ad79d7c8dcd688cea480a6a .av-special-heading-tag .heading-char{\nfont-size:25px;\n}\n#top #wrap_all .av-special-heading.av-lf53u6la-4407e4010ad79d7c8dcd688cea480a6a .av-special-heading-tag{\nfont-size:50px;\n}\n.av-special-heading.av-lf53u6la-4407e4010ad79d7c8dcd688cea480a6a .special-heading-inner-border{\nborder-color:#ffffff;\n}\n.av-special-heading.av-lf53u6la-4407e4010ad79d7c8dcd688cea480a6a .av-subheading{\nfont-size:15px;\n}\n\n@media only screen and (min-width: 480px) and (max-width: 767px){ \n#top #wrap_all .av-special-heading.av-lf53u6la-4407e4010ad79d7c8dcd688cea480a6a .av-special-heading-tag{\nfont-size:0.8em;\n}\n}\n\n@media only screen and (max-width: 479px){ \n#top #wrap_all .av-special-heading.av-lf53u6la-4407e4010ad79d7c8dcd688cea480a6a .av-special-heading-tag{\nfont-size:0.8em;\n}\n}\n<\/style>\n<div  class='av-special-heading av-lf53u6la-4407e4010ad79d7c8dcd688cea480a6a av-special-heading-h1 custom-color-heading blockquote modern-quote  avia-builder-el-1  avia-builder-el-no-sibling  av-inherit-size av-linked-heading'><h1 class='av-special-heading-tag '  itemprop=\"headline\"  >Aviso legal y condiciones de uso<\/h1><div class=\"special-heading-border\"><div class=\"special-heading-inner-border\"><\/div><\/div><\/div>\n<\/div><\/div><\/main><!-- close content main element --><\/div><\/div><div id='after_section_1'  class='main_color av_default_container_wrap container_wrap fullsize'  ><div class='container av-section-cont-open' ><div class='template-page content  av-content-full alpha units'><div class='post-entry post-entry-type-page post-entry-838'><div class='entry-content-wrapper clearfix'>\n<section  class='av_textblock_section av-jkjo67jl-bc59b15b9b0c770baff5b047a1527b45 '   itemscope=\"itemscope\" itemtype=\"https:\/\/schema.org\/CreativeWork\" ><div class='avia_textblock'  itemprop=\"text\" ><p>En cumplimiento del art\u00edculo 10 de la Ley 34\/2002, de 11 de julio, de Servicios de la Sociedad de la Informaci\u00f3n y del Comercio Electr\u00f3nico (LSSICE), Keith Baddeley (en adelante, KEITH BADDELEY), Responsable de esta web, pone a disposici\u00f3n de los Usuarios la presente informaci\u00f3n, para definir sus Condiciones de Uso.<\/p>\n<p>Adicionalmente a los contenidos aqu\u00ed expuestos, los aspectos espec\u00edficos relacionados con la protecci\u00f3n de los datos personales y la privacidad de los Usuarios de esta web se desarrollan en las p\u00e1ginas de <a href=\"https:\/\/keithbaddeley.com\/es\/privacidad\/\" target=\"_blank\" rel=\"noopener noreferrer\">Pol\u00edtica de privacidad<\/a> y <a href=\"https:\/\/keithbaddeley.com\/es\/cookies\/\" target=\"_blank\" rel=\"noopener noreferrer\">Pol\u00edtica de cookies<\/a>.<\/p>\n<h2><strong>Identidad del responsable del tratamiento<\/strong><\/h2>\n<ul>\n<li><strong>Denominaci\u00f3n social<\/strong>: Keith Baddeley<\/li>\n<li><strong>Nombre comercial<\/strong>: Keith Baddeley Translations<\/li>\n<li><strong>NIE<\/strong>: Y4992221Q<\/li>\n<li><strong>Domicilio social<\/strong>: Paraje La Mujer 32, Finca Fortuna, 29788, Frigiliana (M\u00e1laga), Espa\u00f1a<\/li>\n<li><strong>Direcci\u00f3n postal:<\/strong> El Zoco de Nerja Box 22, 29780, Nerja (M\u00e1laga)<\/li>\n<li><strong>Actividad<\/strong>: Traducci\u00f3n<\/li>\n<li><strong>Tel\u00e9fono<\/strong>: (+34) 675 993 887<\/li>\n<li><strong>Email<\/strong>: <a href=\"mailto:keith@keithbaddeley.com\" target=\"_blank\" rel=\"noopener noreferrer\">keith@keithbaddeley.com<\/a><\/li>\n<li><strong>Formulario de contacto<\/strong>: <a href=\"https:\/\/keithbaddeley.com\/es\/contacto\/\" target=\"_blank\" rel=\"noopener noreferrer\">https:\/\/keithbaddeley.com\/es\/contacto\/<\/a><\/li>\n<li><strong>Nombre de Dominio<\/strong>: <a href=\"https:\/\/keithbaddeley.com\/es\/\" target=\"_blank\" rel=\"noopener noreferrer\">https:\/\/keithbaddeley.com\/es\/<\/a><\/li>\n<\/ul>\n<h2><strong>Finalidad de la web<\/strong><\/h2>\n<p>La web de KEITH BADDELEY tiene la finalidad de informar a clientes y potenciales clientes de sus productos y\/o servicios, datos de contacto, ubicaci\u00f3n, etc. Adem\u00e1s, en su caso, tambi\u00e9n tendr\u00e1 la finalidad de divulgar informaci\u00f3n relacionada con el sector de actividad del Responsable.<\/p>\n<h2><strong>Marco normativo<\/strong><\/h2>\n<p>La actividad de esta web se encuentra sujeta al marco legal espa\u00f1ol y europeo, concretamente a las siguientes normas:<\/p>\n<ul>\n<li>Reglamento General de Protecci\u00f3n de Datos (RGPD) (UE) 2016\/679, de 27 de abril, que regula el tratamiento de datos personales en los pa\u00edses de la Uni\u00f3n Europea.<\/li>\n<li>Ley Org\u00e1nica 3\/2018, de 5 de diciembre, sobre Protecci\u00f3n de Datos Personales y Garant\u00eda de los Derechos Digitales (LOPD y GDD), norma de \u00e1mbito regional (aplicable a Espa\u00f1a), y que define y ampl\u00eda muchos de los conceptos y derechos presentes en el RGPD.<\/li>\n<li>Ley 34\/2002, de 11 de julio, de Servicios de la Sociedad de la Informaci\u00f3n y del Comercio Electr\u00f3nico (LSSICE), norma que afecta a aquellas webs que, de alguna forma, realicen actividades econ\u00f3micas mediante medios electr\u00f3nicos, como es el caso de esta web.<\/li>\n<\/ul>\n<h2><strong>Condiciones de uso y responsabilidades<\/strong><\/h2>\n<p>Toda persona que acceda a este sitio web asume el papel de Usuario, comprometi\u00e9ndose a la observancia y cumplimiento riguroso de las condiciones aqu\u00ed dispuestas, as\u00ed como a cualquiera otra disposici\u00f3n legal que fuera de aplicaci\u00f3n. KEITH BADDELEY no se har\u00e1 responsable de los da\u00f1os y perjuicios, propios o a terceros, producidos por el uso inadecuado de este sitio web por parte del Usuario.<\/p>\n<p>KEITH BADDELEY proporciona el acceso a art\u00edculos, informaciones, servicios y datos de su propiedad o de terceros, elaborados con fines meramente informativos o divulgativos, que pueden no reflejar el estado actual de la legislaci\u00f3n o la jurisprudencia, y que se refieren a situaciones generales, por lo que su contenido no debe ser aplicado necesariamente por el Usuario a casos concretos. El contenido de esta web, por tanto, no puede ser considerado, en ning\u00fan caso, sustitutivo de asesoramiento legal.<\/p>\n<p>KEITH BADDELEY se reserva el derecho a modificar cualquier tipo de informaci\u00f3n que pudiera aparecer en la web, en cualquier momento y sin previo aviso, sin que exista obligaci\u00f3n de preavisar o poner en conocimiento de los Usuarios dichas obligaciones, entendi\u00e9ndose como suficiente la publicaci\u00f3n en el presente sitio web.<\/p>\n<p>Este sitio web ha sido revisado y probado para que funcione correctamente de manera ininterrumpida. No obstante, KEITH BADDELEY no descarta la posibilidad de que existan ciertos errores de programaci\u00f3n, falta de disponibilidad puntual (por ejemplo, ca\u00eddas del servidor, o mantenimiento del mismo) o que acontezcan causas de fuerza mayor, cat\u00e1strofes naturales, huelgas, o circunstancias semejantes que hagan imposible el acceso temporal a la p\u00e1gina web. De igual forma, KEITH BADDELEY no\u00a0puede\u00a0garantizar el funcionamiento ininterrumpido o totalmente libre de errores de esta web, ni se responsabiliza de los virus que tengan su origen en una transmisi\u00f3n telem\u00e1tica infiltrados por terceros generados con la finalidad de obtener resultados negativos para un sistema inform\u00e1tico.<\/p>\n<p>El Usuario se compromete a no utilizar esta web ni, si es el caso, los servicios o productos ofrecidos en la misma, para la realizaci\u00f3n de actividades contrarias a la ley, al orden p\u00fablico o a estas condiciones de uso. Por tanto, KEITH BADDELEY <strong>no se hace responsable de la informaci\u00f3n y contenidos almacenados, a t\u00edtulo enunciativo, pero no limitativo, en foros, chats, generadores de blogs, comentarios, redes sociales o cualquier otro medio que permita a terceros publicar contenidos. No obstante, y en cumplimiento de lo dispuesto en el art. 11 y 16 de la LSSI-CE, <\/strong>KEITH BADDELEY <strong>se pone a disposici\u00f3n de todos los Usuarios, autoridades y fuerzas de seguridad, colaborando de forma activa en la retirada o en su caso bloqueo de todos aquellos contenidos que pudieran afectar o contravenir la legislaci\u00f3n nacional, o internacional, derechos de terceros, o la moral y el orden p\u00fablico. En caso de que un Usuario considere que existe en la web alg\u00fan contenido que pudiera ser susceptible de esta clasificaci\u00f3n, se ruega lo notifique de forma inmediata a KEITH BADDELEY.<\/strong><\/p>\n<p>KEITH BADDELEY se reserva el derecho a denegar o retirar el acceso a la web sin necesidad de advertencia previa, a instancia propia o de un tercero, a aquellos Usuarios que incumplan las Condiciones de Uso de esta web.<\/p>\n<h2><strong>Propiedad intelectual<\/strong><\/h2>\n<p>El sitio web, incluyendo a t\u00edtulo enunciativo, pero no limitativo su programaci\u00f3n, edici\u00f3n, compilaci\u00f3n y dem\u00e1s elementos necesarios para su funcionamiento, los dise\u00f1os, logotipos, texto y\/o gr\u00e1ficos son propiedad de KEITH BADDELEY o, en su caso, dispone de licencia o autorizaci\u00f3n expresa por parte de los autores.<\/p>\n<p>Todos los contenidos del sitio web se encuentran debidamente protegidos por la normativa de propiedad intelectual e industrial, as\u00ed como inscritos en los registros p\u00fablicos correspondientes, y no se permite la reproducci\u00f3n y\/o publicaci\u00f3n, total o parcial, del sitio web, ni su tratamiento inform\u00e1tico, su distribuci\u00f3n, difusi\u00f3n,\u00a0modificaci\u00f3n o transformaci\u00f3n, sin el permiso previo y por escrito del mismo. KEITH BADDELEY velar\u00e1 por el cumplimiento de las anteriores condiciones, as\u00ed como por la debida utilizaci\u00f3n de los contenidos presentados en sus p\u00e1ginas web, ejercitando todas las acciones civiles y penales que le correspondan en el caso de infracci\u00f3n o incumplimiento de estos derechos por parte del Usuario.<\/p>\n<p>Los dise\u00f1os, logotipos, texto y\/o gr\u00e1ficos ajenos a KEITH BADDELEY y que pudieran aparecer en el sitio web, pertenecen a sus respectivos propietarios, siendo ellos mismos responsables de cualquier posible controversia que pudiera suscitarse respecto a los mismos. En todo caso, KEITH BADDELEY cuenta con la autorizaci\u00f3n expresa y previa por parte de los mismos. KEITH BADDELEY reconoce a favor de sus titulares los correspondientes derechos de propiedad industrial e intelectual, no implicando su sola menci\u00f3n o aparici\u00f3n en el sitio web la existencia de derechos o responsabilidad alguna del Responsable sobre los mismos, como tampoco respaldo, patrocinio o recomendaci\u00f3n por parte del mismo.<\/p>\n<h2><strong>Enlaces de terceros<\/strong><\/h2>\n<p>KEITH BADDELEY puede poner a\u00a0disposici\u00f3n del\u00a0Usuario\u00a0enlaces u otros elementos que permiten el acceso hacia otros sitios web pertenecientes a terceros. KEITH BADDELEY no comercializa los productos y\/o servicios de dichas p\u00e1ginas enlazadas, ni asume ning\u00fan tipo de responsabilidad sobre las mismas, ni sobre la informaci\u00f3n contenida en ellas, ni su veracidad o licitud,\u00a0ni de cualesquiera efectos que pudieran derivarse.<\/p>\n<p>En todo caso, KEITH BADDELEY manifiesta que proceder\u00e1 a la retirada inmediata de cualquier contenido que pudiera contravenir la legislaci\u00f3n nacional o internacional, la moral o el orden p\u00fablico, procediendo a la retirada inmediata de la redirecci\u00f3n a dicho sitio web, poniendo en conocimiento de las autoridades competentes el contenido en cuesti\u00f3n.<\/p>\n<h2><strong>Ley aplicable y jurisdicci\u00f3n<\/strong><\/h2>\n<p>La relaci\u00f3n entre Responsable y Usuario se rige en todos y cada uno de sus extremos por la ley espa\u00f1ola, a la que se someten expresamente ambas partes. El idioma de redacci\u00f3n e interpretaci\u00f3n de este aviso legal es el espa\u00f1ol. Para la resoluci\u00f3n de todas las controversias o cuestiones relacionadas con el presente sitio web o las actividades en \u00e9l desarrolladas, KEITH BADDELEY y Usuario acuerdan someterse a los Juzgados y Tribunales del domicilio del Usuario.<\/p>\n<\/div><\/section>\n","protected":false},"excerpt":{"rendered":"","protected":false},"author":1,"featured_media":0,"parent":0,"menu_order":100,"comment_status":"closed","ping_status":"closed","template":"","meta":{"footnotes":""},"class_list":["post-838","page","type-page","status-publish","hentry"],"yoast_head":"<!-- This site is optimized with the Yoast SEO plugin v27.4 - https:\/\/yoast.com\/product\/yoast-seo-wordpress\/ -->\n<title>Aviso legal y condiciones de uso<\/title>\n<meta name=\"robots\" content=\"noindex, follow\" \/>\n<meta property=\"og:locale\" content=\"es_ES\" \/>\n<meta property=\"og:type\" content=\"article\" \/>\n<meta property=\"og:title\" content=\"Aviso legal y condiciones de uso\" \/>\n<meta property=\"og:url\" content=\"https:\/\/keithbaddeley.com\/es\/aviso-legal\/\" \/>\n<meta property=\"og:site_name\" content=\"Traducci\u00f3n t\u00e9cnica y empresarial a ingl\u00e9s para el sector TIC\" \/>\n<meta property=\"article:modified_time\" content=\"2024-10-10T15:36:28+00:00\" \/>\n<meta name=\"twitter:card\" content=\"summary_large_image\" \/>\n<meta name=\"twitter:label1\" content=\"Tiempo de lectura\" \/>\n\t<meta name=\"twitter:data1\" content=\"6 minutos\" \/>\n<script type=\"application\/ld+json\" class=\"yoast-schema-graph\">{\"@context\":\"https:\\\/\\\/schema.org\",\"@graph\":[{\"@type\":\"WebPage\",\"@id\":\"https:\\\/\\\/keithbaddeley.com\\\/es\\\/aviso-legal\\\/\",\"url\":\"https:\\\/\\\/keithbaddeley.com\\\/es\\\/aviso-legal\\\/\",\"name\":\"Aviso legal y condiciones de uso\",\"isPartOf\":{\"@id\":\"https:\\\/\\\/keithbaddeley.com\\\/es\\\/#website\"},\"datePublished\":\"2018-08-08T07:02:58+00:00\",\"dateModified\":\"2024-10-10T15:36:28+00:00\",\"breadcrumb\":{\"@id\":\"https:\\\/\\\/keithbaddeley.com\\\/es\\\/aviso-legal\\\/#breadcrumb\"},\"inLanguage\":\"es\",\"potentialAction\":[{\"@type\":\"ReadAction\",\"target\":[\"https:\\\/\\\/keithbaddeley.com\\\/es\\\/aviso-legal\\\/\"]}]},{\"@type\":\"BreadcrumbList\",\"@id\":\"https:\\\/\\\/keithbaddeley.com\\\/es\\\/aviso-legal\\\/#breadcrumb\",\"itemListElement\":[{\"@type\":\"ListItem\",\"position\":1,\"name\":\"Home\",\"item\":\"https:\\\/\\\/keithbaddeley.com\\\/es\\\/inicio\\\/\"},{\"@type\":\"ListItem\",\"position\":2,\"name\":\"Aviso legal y condiciones de uso\"}]},{\"@type\":\"WebSite\",\"@id\":\"https:\\\/\\\/keithbaddeley.com\\\/es\\\/#website\",\"url\":\"https:\\\/\\\/keithbaddeley.com\\\/es\\\/\",\"name\":\"English Technical and Business Translation for the IT Industry\",\"description\":\"Servicios de traducci\u00f3n t\u00e9cnica y empresarial a ingl\u00e9s para el sector TIC. Traductor especialista en TI y comunicaci\u00f3n empresarial.\",\"publisher\":{\"@id\":\"https:\\\/\\\/keithbaddeley.com\\\/es\\\/#organization\"},\"potentialAction\":[{\"@type\":\"SearchAction\",\"target\":{\"@type\":\"EntryPoint\",\"urlTemplate\":\"https:\\\/\\\/keithbaddeley.com\\\/es\\\/?s={search_term_string}\"},\"query-input\":{\"@type\":\"PropertyValueSpecification\",\"valueRequired\":true,\"valueName\":\"search_term_string\"}}],\"inLanguage\":\"es\"},{\"@type\":\"Organization\",\"@id\":\"https:\\\/\\\/keithbaddeley.com\\\/es\\\/#organization\",\"name\":\"Keith Baddeley\",\"url\":\"https:\\\/\\\/keithbaddeley.com\\\/es\\\/\",\"logo\":{\"@type\":\"ImageObject\",\"inLanguage\":\"es\",\"@id\":\"https:\\\/\\\/keithbaddeley.com\\\/es\\\/#\\\/schema\\\/logo\\\/image\\\/\",\"url\":\"https:\\\/\\\/keithbaddeley.com\\\/wp-content\\\/uploads\\\/2023\\\/03\\\/KBT_Logo_Blue2584bf.jpg\",\"contentUrl\":\"https:\\\/\\\/keithbaddeley.com\\\/wp-content\\\/uploads\\\/2023\\\/03\\\/KBT_Logo_Blue2584bf.jpg\",\"width\":1360,\"height\":358,\"caption\":\"Keith Baddeley\"},\"image\":{\"@id\":\"https:\\\/\\\/keithbaddeley.com\\\/es\\\/#\\\/schema\\\/logo\\\/image\\\/\"}}]}<\/script>\n<!-- \/ Yoast SEO plugin. -->","yoast_head_json":{"title":"Aviso legal y condiciones de uso","robots":{"index":"noindex","follow":"follow"},"og_locale":"es_ES","og_type":"article","og_title":"Aviso legal y condiciones de uso","og_url":"https:\/\/keithbaddeley.com\/es\/aviso-legal\/","og_site_name":"Traducci\u00f3n t\u00e9cnica y empresarial a ingl\u00e9s para el sector TIC","article_modified_time":"2024-10-10T15:36:28+00:00","twitter_card":"summary_large_image","twitter_misc":{"Tiempo de lectura":"6 minutos"},"schema":{"@context":"https:\/\/schema.org","@graph":[{"@type":"WebPage","@id":"https:\/\/keithbaddeley.com\/es\/aviso-legal\/","url":"https:\/\/keithbaddeley.com\/es\/aviso-legal\/","name":"Aviso legal y condiciones de uso","isPartOf":{"@id":"https:\/\/keithbaddeley.com\/es\/#website"},"datePublished":"2018-08-08T07:02:58+00:00","dateModified":"2024-10-10T15:36:28+00:00","breadcrumb":{"@id":"https:\/\/keithbaddeley.com\/es\/aviso-legal\/#breadcrumb"},"inLanguage":"es","potentialAction":[{"@type":"ReadAction","target":["https:\/\/keithbaddeley.com\/es\/aviso-legal\/"]}]},{"@type":"BreadcrumbList","@id":"https:\/\/keithbaddeley.com\/es\/aviso-legal\/#breadcrumb","itemListElement":[{"@type":"ListItem","position":1,"name":"Home","item":"https:\/\/keithbaddeley.com\/es\/inicio\/"},{"@type":"ListItem","position":2,"name":"Aviso legal y condiciones de uso"}]},{"@type":"WebSite","@id":"https:\/\/keithbaddeley.com\/es\/#website","url":"https:\/\/keithbaddeley.com\/es\/","name":"English Technical and Business Translation for the IT Industry","description":"Servicios de traducci\u00f3n t\u00e9cnica y empresarial a ingl\u00e9s para el sector TIC. Traductor especialista en TI y comunicaci\u00f3n empresarial.","publisher":{"@id":"https:\/\/keithbaddeley.com\/es\/#organization"},"potentialAction":[{"@type":"SearchAction","target":{"@type":"EntryPoint","urlTemplate":"https:\/\/keithbaddeley.com\/es\/?s={search_term_string}"},"query-input":{"@type":"PropertyValueSpecification","valueRequired":true,"valueName":"search_term_string"}}],"inLanguage":"es"},{"@type":"Organization","@id":"https:\/\/keithbaddeley.com\/es\/#organization","name":"Keith Baddeley","url":"https:\/\/keithbaddeley.com\/es\/","logo":{"@type":"ImageObject","inLanguage":"es","@id":"https:\/\/keithbaddeley.com\/es\/#\/schema\/logo\/image\/","url":"https:\/\/keithbaddeley.com\/wp-content\/uploads\/2023\/03\/KBT_Logo_Blue2584bf.jpg","contentUrl":"https:\/\/keithbaddeley.com\/wp-content\/uploads\/2023\/03\/KBT_Logo_Blue2584bf.jpg","width":1360,"height":358,"caption":"Keith Baddeley"},"image":{"@id":"https:\/\/keithbaddeley.com\/es\/#\/schema\/logo\/image\/"}}]}},"_links":{"self":[{"href":"https:\/\/keithbaddeley.com\/es\/wp-json\/wp\/v2\/pages\/838","targetHints":{"allow":["GET"]}}],"collection":[{"href":"https:\/\/keithbaddeley.com\/es\/wp-json\/wp\/v2\/pages"}],"about":[{"href":"https:\/\/keithbaddeley.com\/es\/wp-json\/wp\/v2\/types\/page"}],"author":[{"embeddable":true,"href":"https:\/\/keithbaddeley.com\/es\/wp-json\/wp\/v2\/users\/1"}],"replies":[{"embeddable":true,"href":"https:\/\/keithbaddeley.com\/es\/wp-json\/wp\/v2\/comments?post=838"}],"version-history":[{"count":9,"href":"https:\/\/keithbaddeley.com\/es\/wp-json\/wp\/v2\/pages\/838\/revisions"}],"predecessor-version":[{"id":5401,"href":"https:\/\/keithbaddeley.com\/es\/wp-json\/wp\/v2\/pages\/838\/revisions\/5401"}],"wp:attachment":[{"href":"https:\/\/keithbaddeley.com\/es\/wp-json\/wp\/v2\/media?parent=838"}],"curies":[{"name":"wp","href":"https:\/\/api.w.org\/{rel}","templated":true}]}}