{"id":859,"date":"2018-06-25T16:35:33","date_gmt":"2018-06-25T14:35:33","guid":{"rendered":"https:\/\/keithbaddeley.com\/privacy\/"},"modified":"2026-03-20T09:08:48","modified_gmt":"2026-03-20T08:08:48","slug":"privacidad","status":"publish","type":"page","link":"https:\/\/keithbaddeley.com\/es\/privacidad\/","title":{"rendered":"Pol\u00edtica de privacidad"},"content":{"rendered":"\n<style type=\"text\/css\" data-created_by=\"avia_inline_auto\" id=\"style-css-av-jiud4tx5-a306633f92c169febae360c55668a66d\">\n.avia-section.av-jiud4tx5-a306633f92c169febae360c55668a66d{\nbackground-color:#4277a0;\nbackground-image:unset;\n}\n<\/style>\n<div id='av_section_1'  class='avia-section av-jiud4tx5-a306633f92c169febae360c55668a66d main_color avia-section-default avia-no-border-styling  avia-builder-el-0  el_before_av_textblock  avia-builder-el-first  avia-bg-style-scroll av-minimum-height av-minimum-height-25 av-height-25  container_wrap fullsize'   data-av_minimum_height_pc='25' data-av_min_height_opt='25'><div class='container av-section-cont-open' ><main  role=\"main\" itemprop=\"mainContentOfPage\"  class='template-page content  av-content-full alpha units'><div class='post-entry post-entry-type-page post-entry-859'><div class='entry-content-wrapper clearfix'>\n\n<style type=\"text\/css\" data-created_by=\"avia_inline_auto\" id=\"style-css-av-231mq-cee183877caa4bfebcd4885adc756c02\">\n.flex_column.av-231mq-cee183877caa4bfebcd4885adc756c02{\nborder-radius:0px 0px 0px 0px;\npadding:0px 0px 0px 0px;\n}\n<\/style>\n<div  class='flex_column av-231mq-cee183877caa4bfebcd4885adc756c02 av_two_third  avia-builder-el-1  el_before_av_one_third  avia-builder-el-first  first flex_column_div av-zero-column-padding  '     ><style type=\"text\/css\" data-created_by=\"avia_inline_auto\" id=\"style-css-av-k8brbtpp-5081a5de18fa070472d8004626b9af18\">\n#top .av-special-heading.av-k8brbtpp-5081a5de18fa070472d8004626b9af18{\npadding-bottom:10px;\ncolor:#ffffff;\nfont-size:50px;\n}\nbody .av-special-heading.av-k8brbtpp-5081a5de18fa070472d8004626b9af18 .av-special-heading-tag .heading-char{\nfont-size:25px;\n}\n#top #wrap_all .av-special-heading.av-k8brbtpp-5081a5de18fa070472d8004626b9af18 .av-special-heading-tag{\nfont-size:50px;\n}\n.av-special-heading.av-k8brbtpp-5081a5de18fa070472d8004626b9af18 .special-heading-inner-border{\nborder-color:#ffffff;\n}\n.av-special-heading.av-k8brbtpp-5081a5de18fa070472d8004626b9af18 .av-subheading{\nfont-size:15px;\n}\n\n@media only screen and (min-width: 480px) and (max-width: 767px){ \n#top #wrap_all .av-special-heading.av-k8brbtpp-5081a5de18fa070472d8004626b9af18 .av-special-heading-tag{\nfont-size:0.8em;\n}\n}\n\n@media only screen and (max-width: 479px){ \n#top #wrap_all .av-special-heading.av-k8brbtpp-5081a5de18fa070472d8004626b9af18 .av-special-heading-tag{\nfont-size:0.8em;\n}\n}\n<\/style>\n<div  class='av-special-heading av-k8brbtpp-5081a5de18fa070472d8004626b9af18 av-special-heading-h1 custom-color-heading blockquote modern-quote  avia-builder-el-2  avia-builder-el-no-sibling  av-inherit-size'><h1 class='av-special-heading-tag '  itemprop=\"headline\"  >Pol\u00edtica de privacidad<\/h1><div class=\"special-heading-border\"><div class=\"special-heading-inner-border\"><\/div><\/div><\/div><\/div>\n<style type=\"text\/css\" data-created_by=\"avia_inline_auto\" id=\"style-css-av-b8h76-30e1df712153fcfa8ece907d59b30b9f\">\n.flex_column.av-b8h76-30e1df712153fcfa8ece907d59b30b9f{\nborder-radius:0px 0px 0px 0px;\npadding:0px 0px 0px 0px;\n}\n<\/style>\n<div  class='flex_column av-b8h76-30e1df712153fcfa8ece907d59b30b9f av_one_third  avia-builder-el-3  el_after_av_two_third  avia-builder-el-last  flex_column_div av-zero-column-padding  '     ><style type=\"text\/css\" data-created_by=\"avia_inline_auto\" id=\"style-css-av-jkjs5pvi-69791d3de4f481dae393e83c74d00b2e\">\n.avia-image-container.av-jkjs5pvi-69791d3de4f481dae393e83c74d00b2e img.avia_image{\nbox-shadow:none;\n}\n.avia-image-container.av-jkjs5pvi-69791d3de4f481dae393e83c74d00b2e .av-image-caption-overlay-center{\ncolor:#ffffff;\n}\n<\/style>\n<div  class='avia-image-container av-jkjs5pvi-69791d3de4f481dae393e83c74d00b2e av-styling- avia-align-left  avia-builder-el-4  avia-builder-el-no-sibling '   itemprop=\"image\" itemscope=\"itemscope\" itemtype=\"https:\/\/schema.org\/ImageObject\" ><div class=\"avia-image-container-inner\"><div class=\"avia-image-overlay-wrap\"><img decoding=\"async\" fetchpriority=\"high\" class='wp-image-824 avia-img-lazy-loading-not-824 avia_image ' src=\"https:\/\/keithbaddeley.com\/wp-content\/uploads\/2018\/08\/4-Sello-Web-LOPDPRO.png\" alt='' title='4-Sello Web LOPDPRO'  height=\"400\" width=\"800\"  itemprop=\"thumbnailUrl\" srcset=\"https:\/\/keithbaddeley.com\/wp-content\/uploads\/2018\/08\/4-Sello-Web-LOPDPRO.png 800w, https:\/\/keithbaddeley.com\/wp-content\/uploads\/2018\/08\/4-Sello-Web-LOPDPRO-300x150.png 300w, https:\/\/keithbaddeley.com\/wp-content\/uploads\/2018\/08\/4-Sello-Web-LOPDPRO-768x384.png 768w, https:\/\/keithbaddeley.com\/wp-content\/uploads\/2018\/08\/4-Sello-Web-LOPDPRO-705x353.png 705w, https:\/\/keithbaddeley.com\/wp-content\/uploads\/2018\/08\/4-Sello-Web-LOPDPRO-450x225.png 450w\" sizes=\"(max-width: 800px) 100vw, 800px\" \/><\/div><\/div><\/div><\/div>\n<\/div><\/div><\/main><!-- close content main element --><\/div><\/div><div id='after_section_1'  class='main_color av_default_container_wrap container_wrap fullsize'  ><div class='container av-section-cont-open' ><div class='template-page content  av-content-full alpha units'><div class='post-entry post-entry-type-page post-entry-859'><div class='entry-content-wrapper clearfix'>\n<section  class='av_textblock_section av-jkjp4bp4-d858e2b162fd9d7db4d27b5f21deca31 '   itemscope=\"itemscope\" itemtype=\"https:\/\/schema.org\/CreativeWork\" ><div class='avia_textblock'  itemprop=\"text\" ><p>KEITH BADDELEY se encuentra profundamente comprometido con el cumplimiento de la normativa espa\u00f1ola y europea de protecci\u00f3n de datos de car\u00e1cter personal, y garantiza el cumplimiento \u00edntegro de las obligaciones dispuestas, as\u00ed como la implementaci\u00f3n de las medidas de seguridad dispuestas en el Reglamento General de Protecci\u00f3n de Datos (RGPD) (UE) 2016\/679, de 27 de abril, y en la Ley Org\u00e1nica 3\/2018, de 5 de diciembre, de Protecci\u00f3n de Datos Personales y garant\u00eda de los derechos digitales (LOPD y GDD, en adelante LOPD).<\/p>\n<p>De conformidad con estas normativas, informamos que la utilizaci\u00f3n de nuestra web puede requerir que se faciliten ciertos datos personales a trav\u00e9s de formularios de contacto, o mediante el env\u00edo de emails, y que \u00e9stos ser\u00e1n objeto de tratamiento por <strong>KEITH BADDELEY<\/strong>, Responsable del tratamiento, cuyos datos son:<\/p>\n<ul>\n<li><strong>Denominaci\u00f3n social<\/strong>: Keith Baddeley Translations<\/li>\n<li><strong>NIE<\/strong>: Y4992221Q<\/li>\n<li><strong>Domicilio social<\/strong>: Paraje La Mujer 32, Finca Fortuna, 29788, Frigiliana (M\u00e1laga), Espa\u00f1a<\/li>\n<li><strong>Direcci\u00f3n postal:<\/strong> El Zoco de Nerja Box 22, 29780, Nerja (M\u00e1laga)<\/li>\n<li><strong>Tel\u00e9fono<\/strong>: (+34) 675 993 887<\/li>\n<li><strong>Email<\/strong>: <a href=\"mailto:keith@keithbaddeley.com\">keith@keithbaddeley.com<\/a><\/li>\n<\/ul>\n<h2><strong>Obtenci\u00f3n y tratamiento de datos personales<\/strong><\/h2>\n<p>Un dato personal es cualquier informaci\u00f3n relativa a una persona: nombre, email, domicilio, tel\u00e9fono, NIF\/NIE&#8230; Adicionalmente, cuando un Usuario visita nuestro sitio web, determinada informaci\u00f3n se almacena autom\u00e1ticamente por motivos t\u00e9cnicos, como la direcci\u00f3n IP asignada por su proveedor de acceso a Internet.<\/p>\n<p>KEITH BADDELEY, como Responsable del Tratamiento, tiene el deber de informar a los Usuarios de su sitio web acerca de la recogida de datos de car\u00e1cter personal que pueden llevarse a cabo, bien sea mediante el env\u00edo de correo electr\u00f3nico o al cumplimentar los formularios incluidos en el sitio web.<\/p>\n<p>Se obtendr\u00e1n \u00fanicamente los datos precisos para poder realizar el servicio contratado, o para poder responder adecuadamente a la petici\u00f3n de informaci\u00f3n realizada por el Usuario. Los datos recabados son identificativos y corresponden a un m\u00ednimo razonable para poder llevar a t\u00e9rmino la actividad realizada. En particular, no se recogen datos especialmente protegidos en ning\u00fan momento. En ning\u00fan caso se realizar\u00e1 un uso diferente de los datos, que la finalidad para los que han sido recabados.<\/p>\n<h3>Formularios de contacto\/email<\/h3>\n<p><em>Finalidad<\/em>: Dar contestaci\u00f3n a su solicitud de informaci\u00f3n realizada a trav\u00e9s de nuestro\/s formulario\/s de contacto.<\/p>\n<p><em>Legitimaci\u00f3n<\/em>: La base jur\u00eddica que legitima este tratamiento es el consentimiento del Usuario, que podr\u00e1 revocar en cualquier momento.<\/p>\n<p><em>Cesi\u00f3n de datos<\/em>: Los datos personales ser\u00e1n tratados a trav\u00e9s de servidores gestionados por <a href=\"https:\/\/stablepoint.com\/\" target=\"_blank\" rel=\"noopener\">Stablepoint<\/a>\u00a0y <a href=\"https:\/\/www.mailerlite.com\/es\" target=\"_blank\" rel=\"noopener\">MailerLite<\/a> que tendr\u00e1n la consideraci\u00f3n de Encargado del Tratamiento.<\/p>\n<h2><strong>Menores de edad<\/strong><\/h2>\n<p>Solo podr\u00e1n aportar datos personales en este sitio web las personas mayores de 14 a\u00f1os. Seg\u00fan obliga la LOPD y GDD, en caso de menores de 14 a\u00f1os, ser\u00e1 condici\u00f3n obligatoria el consentimiento de sus padres o tutores para que podamos tratar sus datos personales.<\/p>\n<p>Por otra parte, solo podr\u00e1n contratar nuestros servicios las personas mayores de 18 a\u00f1os. En caso de menores de 18 a\u00f1os, ser\u00e1 condici\u00f3n obligatoria el consentimiento de sus padres o tutores legales para que podamos prestar los servicios ofertados, salvo que el menor est\u00e9 emancipado.<\/p>\n<h2><strong>Medidas de seguridad<\/strong><\/h2>\n<p>Se informa a los Usuarios de la web de KEITH BADDELEY de que se\u00a0han adoptado las medidas de seguridad, t\u00e9cnicas y organizativas a nuestro alcance para evitar la p\u00e9rdida, mal uso, alteraci\u00f3n, acceso no autorizado y robo de los datos, y que garantizan as\u00ed la confidencialidad, integridad y calidad de la informaci\u00f3n contenida en las mismas, de acuerdo con lo establecido en la normativa vigente en materia de protecci\u00f3n de datos. Los datos personales que se recogen en los formularios son objeto de tratamiento, \u00fanicamente,\u00a0por parte del personal de KEITH BADDELEY o de los Encargados del Tratamiento designados.<\/p>\n<p>El Sitio Web de KEITH BADDELEY cuenta adem\u00e1s con un cifrado SSL, que permite al Usuario el env\u00edo seguro de sus datos personales a trav\u00e9s de los formularios de contacto del sitio web.<\/p>\n<h2><strong>Veracidad de los datos<\/strong><\/h2>\n<p>El Usuario manifiesta que todos los datos facilitados por \u00e9l son ciertos y correctos y se compromete a mantenerlos actualizados. El Usuario responder\u00e1 de la veracidad de sus datos y ser\u00e1 el \u00fanico responsable de cuantos conflictos o litigios pudieran resultar por la falsedad de los mismos. Es importante que, para que podamos mantener los datos personales actualizados, el Usuario informe a KEITH BADDELEY siempre que haya habido alguna modificaci\u00f3n en los mismos.<\/p>\n<h2><strong>Cesi\u00f3n de datos<\/strong><\/h2>\n<p>KEITH BADDELEY no ceder\u00e1 ni comunicar\u00e1 a ning\u00fan tercero los datos del Usuario, excepto en los casos legalmente previstos o cuando la prestaci\u00f3n de un servicio implique la necesidad de una relaci\u00f3n contractual con un Encargado de Tratamiento. As\u00ed, el Usuario acepta que algunos de los datos personales recabados sean facilitados a estos Encargados del Tratamiento (plataformas de pago, gestor\u00eda, intermediarios, etc.), cuando sea necesario para la efectiva realizaci\u00f3n de un servicio contratado o producto adquirido. El Usuario acepta tambi\u00e9n que, en caso de prestaci\u00f3n de servicios, \u00e9stos puedan ser, total o parcialmente, subcontratados a otras personas o empresas, que tendr\u00e1n la consideraci\u00f3n de Encargados del Tratamiento, con los que se ha convenido el correspondiente contrato de confidencialidad, o adherido a sus pol\u00edticas de privacidad, establecidas en sus respectivas p\u00e1ginas web. El Usuario podr\u00e1 negarse a la cesi\u00f3n de sus datos a los Encargados del Tratamiento, mediante petici\u00f3n escrita, por cualquiera de los medios anteriormente referenciados.<\/p>\n<p>Adem\u00e1s, en aquellos casos en que sea necesario, los datos de Clientes podr\u00e1n ser cedidos a determinados organismos, en cumplimiento de una obligaci\u00f3n legal: Agencia Tributaria Espa\u00f1ola, entidades bancarias, Inspecci\u00f3n de Trabajo, etc.<\/p>\n<h2><strong>Ejercicio de derechos del usuario<\/strong><\/h2>\n<p>La LOPD y el RGPD conceden a los interesados la posibilidad de ejercer una serie de derechos relacionados con el tratamiento de sus datos personales. Para ello, el Usuario deber\u00e1 dirigirse, mediante correo electr\u00f3nico a <a href=\"mailto:keith@keithbaddeley.com\" target=\"_blank\" rel=\"noopener noreferrer\">keith@keithbaddeley.com<\/a>, o bien mediante comunicaci\u00f3n escrita a la direcci\u00f3n postal que aparece en el <a href=\"https:\/\/keithbaddeley.com\/es\/aviso-legal\/\" target=\"_blank\" rel=\"noopener noreferrer\">Aviso legal<\/a>, identific\u00e1ndose adecuadamente. Dicha comunicaci\u00f3n deber\u00e1 reflejar la siguiente informaci\u00f3n: nombre y apellidos del Usuario, el objeto de la solicitud, el domicilio y los datos acreditativos.<\/p>\n<p>El ejercicio de derechos deber\u00e1 ser realizado por el propio Usuario. No obstante, podr\u00e1n ser ejecutados por una persona autorizada como representante legal del Usuario, aport\u00e1ndose la documentaci\u00f3n que acredite dicha representaci\u00f3n.<\/p>\n<p>El Usuario podr\u00e1 solicitar el ejercicio de los derechos siguientes:<\/p>\n<ul>\n<li>Derecho a solicitar el <strong>acceso<\/strong> a los datos personales.<\/li>\n<li>Derecho a solicitar su <strong>rectificaci\u00f3n<\/strong> (en caso de que sean incorrectos) o <strong>supresi\u00f3n<\/strong>.<\/li>\n<li>Derecho a solicitar la <strong>limitaci\u00f3n<\/strong> de su tratamiento, en cuyo caso \u00fanicamente ser\u00e1n conservados por KEITH BADDELEY para el ejercicio o la defensa de reclamaciones.<\/li>\n<li>Derecho a <strong>oponerse<\/strong> al tratamiento: KEITH BADDELEY dejar\u00e1 de tratar sus datos, salvo que por motivos leg\u00edtimos o el ejercicio o la defensa de posibles reclamaciones se tengan que seguir tratando.<\/li>\n<li>Derecho a la <strong>portabilidad<\/strong> de los datos: en caso de que quiera que sus datos sean tratados por otra empresa, KEITH BADDELEY le facilitar\u00e1 la portabilidad de sus datos en formato exportable.<\/li>\n<\/ul>\n<p>En el caso de que se haya otorgado el consentimiento para alguna finalidad espec\u00edfica, <strong>el Usuario tiene derecho a retirar el consentimiento en cualquier momento<\/strong>, sin que ello afecte a la licitud del tratamiento basado en el consentimiento previo a su retirada.<\/p>\n<p>Nos comprometemos a ejecutar todos estos derechos dentro del plazo legal m\u00e1ximo (1 mes).<\/p>\n<p>Si un Usuario considera que hay un problema con la forma en que KEITH BADDELEY est\u00e1 manejando sus datos, puede dirigir sus reclamaciones al Responsable de Seguridad o a la autoridad de protecci\u00f3n de datos que corresponda, siendo la Agencia Espa\u00f1ola de Protecci\u00f3n de Datos la indicada en el caso de Espa\u00f1a.<\/p>\n<h2><strong>Conservaci\u00f3n de los datos<\/strong><\/h2>\n<p>Los datos de car\u00e1cter personal de los Usuarios que usen el formulario de contacto o que nos env\u00eden un email solicitando informaci\u00f3n ser\u00e1n tratados durante el tiempo estrictamente necesario para atender a la solicitud de informaci\u00f3n, o hasta que se revoque el consentimiento otorgado.<\/p>\n<p>Los datos de car\u00e1cter personal de los Clientes ser\u00e1n tratados hasta que finalice la relaci\u00f3n contractual. El per\u00edodo de conservaci\u00f3n de los datos personales ser\u00e1 el m\u00ednimo necesario, pudiendo mantenerse hasta:<\/p>\n<ul>\n<li>4 a\u00f1os: Ley sobre Infracciones y Sanciones en el Orden Social (obligaciones en materia de afiliaci\u00f3n, altas, bajas, cotizaci\u00f3n, pago de salarios\u2026); Arts. 66 y sig. Ley General Tributaria (libros de contabilidad\u2026)<\/li>\n<li>5 a\u00f1os: Art. 1964 C\u00f3digo Civil (acciones personales sin plazo especial)<\/li>\n<li>6 a\u00f1os: Art. 30 C\u00f3digo de Comercio (libros de contabilidad, facturas\u2026)<\/li>\n<li>10 a\u00f1os: Art. 25 Ley de Prevenci\u00f3n del Blanqueo de Capitales y Financiaci\u00f3n del Terrorismo.<\/li>\n<li>Sin plazo: datos desagregados y anonimizados.<\/li>\n<\/ul>\n<p>Por su parte, los datos de Usuarios que se den de alta en el bolet\u00edn o newsletter ser\u00e1n conservados indefinidamente, hasta que se revoque el consentimiento otorgado.<\/p>\n<h2><strong>Redes sociales<\/strong><\/h2>\n<p>KEITH BADDELEY cuenta con perfil en algunas de las principales redes sociales de Internet (LinkedIn y X), reconoci\u00e9ndose en todos los casos Responsable del tratamiento de los datos de sus seguidores, fans, suscriptores, comentaristas y otros perfiles de Usuarios (en adelante, seguidores) publicados por KEITH BADDELEY.<\/p>\n<p>La finalidad del tratamiento de datos por parte de KEITH BADDELEY, cuando la ley no lo proh\u00edba, ser\u00e1 la de informar a sus seguidores sobre sus actividades y ofertas, por cualquier v\u00eda que la red social permita, as\u00ed como prestar servicio personalizado de atenci\u00f3n al cliente. La base jur\u00eddica que legitima este tratamiento ser\u00e1 el consentimiento del interesado, que podr\u00e1 revocar en cualquier momento.<\/p>\n<p>En ning\u00fan caso KEITH BADDELEY extraer\u00e1 datos de las redes sociales, a menos que se obtuviera puntual y expresamente el consentimiento del Usuario para ello (por ejemplo, para la realizaci\u00f3n de un concurso).<\/p>\n<h2><strong>Confidencialidad<\/strong><\/h2>\n<p>La informaci\u00f3n suministrada por el cliente tendr\u00e1, en todo caso, la consideraci\u00f3n de confidencial, sin que pueda ser utilizada para otros fines distintos a los aqu\u00ed descritos. KEITH BADDELEY se obliga a no divulgar ni revelar informaci\u00f3n sobre las pretensiones del Usuario, los motivos del asesoramiento solicitado, o la duraci\u00f3n de su relaci\u00f3n con \u00e9ste.<\/p>\n<h2><strong>Validez<\/strong><\/h2>\n<p>Esta pol\u00edtica de privacidad y de protecci\u00f3n de datos ha sido actualizada el d\u00eda 20 de marzo de 2026 y podr\u00e1 variar en funci\u00f3n de los cambios de normativa y jurisprudencia que se vayan produciendo, siendo responsabilidad del titular de los datos la lectura del documento actualizado, en orden a conocer sus derechos y obligaciones al respecto en cada momento.<\/p>\n<\/div><\/section>\n","protected":false},"excerpt":{"rendered":"","protected":false},"author":1,"featured_media":0,"parent":0,"menu_order":110,"comment_status":"closed","ping_status":"closed","template":"","meta":{"footnotes":""},"class_list":["post-859","page","type-page","status-publish","hentry"],"yoast_head":"<!-- This site is optimized with the Yoast SEO plugin v27.4 - https:\/\/yoast.com\/product\/yoast-seo-wordpress\/ -->\n<title>Pol\u00edtica de privacidad<\/title>\n<meta name=\"robots\" content=\"noindex, follow\" \/>\n<meta property=\"og:locale\" content=\"es_ES\" \/>\n<meta property=\"og:type\" content=\"article\" \/>\n<meta property=\"og:title\" content=\"Pol\u00edtica de privacidad\" \/>\n<meta property=\"og:url\" content=\"https:\/\/keithbaddeley.com\/es\/privacidad\/\" \/>\n<meta property=\"og:site_name\" content=\"Traducci\u00f3n t\u00e9cnica y empresarial a ingl\u00e9s para el sector TIC\" \/>\n<meta property=\"article:modified_time\" content=\"2026-03-20T08:08:48+00:00\" \/>\n<meta name=\"twitter:card\" content=\"summary_large_image\" \/>\n<meta name=\"twitter:label1\" content=\"Tiempo de lectura\" \/>\n\t<meta name=\"twitter:data1\" content=\"8 minutos\" \/>\n<script type=\"application\/ld+json\" class=\"yoast-schema-graph\">{\"@context\":\"https:\\\/\\\/schema.org\",\"@graph\":[{\"@type\":\"WebPage\",\"@id\":\"https:\\\/\\\/keithbaddeley.com\\\/es\\\/privacidad\\\/\",\"url\":\"https:\\\/\\\/keithbaddeley.com\\\/es\\\/privacidad\\\/\",\"name\":\"Pol\u00edtica de privacidad\",\"isPartOf\":{\"@id\":\"https:\\\/\\\/keithbaddeley.com\\\/es\\\/#website\"},\"datePublished\":\"2018-06-25T14:35:33+00:00\",\"dateModified\":\"2026-03-20T08:08:48+00:00\",\"breadcrumb\":{\"@id\":\"https:\\\/\\\/keithbaddeley.com\\\/es\\\/privacidad\\\/#breadcrumb\"},\"inLanguage\":\"es\",\"potentialAction\":[{\"@type\":\"ReadAction\",\"target\":[\"https:\\\/\\\/keithbaddeley.com\\\/es\\\/privacidad\\\/\"]}]},{\"@type\":\"BreadcrumbList\",\"@id\":\"https:\\\/\\\/keithbaddeley.com\\\/es\\\/privacidad\\\/#breadcrumb\",\"itemListElement\":[{\"@type\":\"ListItem\",\"position\":1,\"name\":\"Home\",\"item\":\"https:\\\/\\\/keithbaddeley.com\\\/es\\\/inicio\\\/\"},{\"@type\":\"ListItem\",\"position\":2,\"name\":\"Pol\u00edtica de privacidad\"}]},{\"@type\":\"WebSite\",\"@id\":\"https:\\\/\\\/keithbaddeley.com\\\/es\\\/#website\",\"url\":\"https:\\\/\\\/keithbaddeley.com\\\/es\\\/\",\"name\":\"English Technical and Business Translation for the IT Industry\",\"description\":\"Servicios de traducci\u00f3n t\u00e9cnica y empresarial a ingl\u00e9s para el sector TIC. Traductor especialista en TI y comunicaci\u00f3n empresarial.\",\"publisher\":{\"@id\":\"https:\\\/\\\/keithbaddeley.com\\\/es\\\/#organization\"},\"potentialAction\":[{\"@type\":\"SearchAction\",\"target\":{\"@type\":\"EntryPoint\",\"urlTemplate\":\"https:\\\/\\\/keithbaddeley.com\\\/es\\\/?s={search_term_string}\"},\"query-input\":{\"@type\":\"PropertyValueSpecification\",\"valueRequired\":true,\"valueName\":\"search_term_string\"}}],\"inLanguage\":\"es\"},{\"@type\":\"Organization\",\"@id\":\"https:\\\/\\\/keithbaddeley.com\\\/es\\\/#organization\",\"name\":\"Keith Baddeley\",\"url\":\"https:\\\/\\\/keithbaddeley.com\\\/es\\\/\",\"logo\":{\"@type\":\"ImageObject\",\"inLanguage\":\"es\",\"@id\":\"https:\\\/\\\/keithbaddeley.com\\\/es\\\/#\\\/schema\\\/logo\\\/image\\\/\",\"url\":\"https:\\\/\\\/keithbaddeley.com\\\/wp-content\\\/uploads\\\/2023\\\/03\\\/KBT_Logo_Blue2584bf.jpg\",\"contentUrl\":\"https:\\\/\\\/keithbaddeley.com\\\/wp-content\\\/uploads\\\/2023\\\/03\\\/KBT_Logo_Blue2584bf.jpg\",\"width\":1360,\"height\":358,\"caption\":\"Keith Baddeley\"},\"image\":{\"@id\":\"https:\\\/\\\/keithbaddeley.com\\\/es\\\/#\\\/schema\\\/logo\\\/image\\\/\"}}]}<\/script>\n<!-- \/ Yoast SEO plugin. -->","yoast_head_json":{"title":"Pol\u00edtica de privacidad","robots":{"index":"noindex","follow":"follow"},"og_locale":"es_ES","og_type":"article","og_title":"Pol\u00edtica de privacidad","og_url":"https:\/\/keithbaddeley.com\/es\/privacidad\/","og_site_name":"Traducci\u00f3n t\u00e9cnica y empresarial a ingl\u00e9s para el sector TIC","article_modified_time":"2026-03-20T08:08:48+00:00","twitter_card":"summary_large_image","twitter_misc":{"Tiempo de lectura":"8 minutos"},"schema":{"@context":"https:\/\/schema.org","@graph":[{"@type":"WebPage","@id":"https:\/\/keithbaddeley.com\/es\/privacidad\/","url":"https:\/\/keithbaddeley.com\/es\/privacidad\/","name":"Pol\u00edtica de privacidad","isPartOf":{"@id":"https:\/\/keithbaddeley.com\/es\/#website"},"datePublished":"2018-06-25T14:35:33+00:00","dateModified":"2026-03-20T08:08:48+00:00","breadcrumb":{"@id":"https:\/\/keithbaddeley.com\/es\/privacidad\/#breadcrumb"},"inLanguage":"es","potentialAction":[{"@type":"ReadAction","target":["https:\/\/keithbaddeley.com\/es\/privacidad\/"]}]},{"@type":"BreadcrumbList","@id":"https:\/\/keithbaddeley.com\/es\/privacidad\/#breadcrumb","itemListElement":[{"@type":"ListItem","position":1,"name":"Home","item":"https:\/\/keithbaddeley.com\/es\/inicio\/"},{"@type":"ListItem","position":2,"name":"Pol\u00edtica de privacidad"}]},{"@type":"WebSite","@id":"https:\/\/keithbaddeley.com\/es\/#website","url":"https:\/\/keithbaddeley.com\/es\/","name":"English Technical and Business Translation for the IT Industry","description":"Servicios de traducci\u00f3n t\u00e9cnica y empresarial a ingl\u00e9s para el sector TIC. Traductor especialista en TI y comunicaci\u00f3n empresarial.","publisher":{"@id":"https:\/\/keithbaddeley.com\/es\/#organization"},"potentialAction":[{"@type":"SearchAction","target":{"@type":"EntryPoint","urlTemplate":"https:\/\/keithbaddeley.com\/es\/?s={search_term_string}"},"query-input":{"@type":"PropertyValueSpecification","valueRequired":true,"valueName":"search_term_string"}}],"inLanguage":"es"},{"@type":"Organization","@id":"https:\/\/keithbaddeley.com\/es\/#organization","name":"Keith Baddeley","url":"https:\/\/keithbaddeley.com\/es\/","logo":{"@type":"ImageObject","inLanguage":"es","@id":"https:\/\/keithbaddeley.com\/es\/#\/schema\/logo\/image\/","url":"https:\/\/keithbaddeley.com\/wp-content\/uploads\/2023\/03\/KBT_Logo_Blue2584bf.jpg","contentUrl":"https:\/\/keithbaddeley.com\/wp-content\/uploads\/2023\/03\/KBT_Logo_Blue2584bf.jpg","width":1360,"height":358,"caption":"Keith Baddeley"},"image":{"@id":"https:\/\/keithbaddeley.com\/es\/#\/schema\/logo\/image\/"}}]}},"_links":{"self":[{"href":"https:\/\/keithbaddeley.com\/es\/wp-json\/wp\/v2\/pages\/859","targetHints":{"allow":["GET"]}}],"collection":[{"href":"https:\/\/keithbaddeley.com\/es\/wp-json\/wp\/v2\/pages"}],"about":[{"href":"https:\/\/keithbaddeley.com\/es\/wp-json\/wp\/v2\/types\/page"}],"author":[{"embeddable":true,"href":"https:\/\/keithbaddeley.com\/es\/wp-json\/wp\/v2\/users\/1"}],"replies":[{"embeddable":true,"href":"https:\/\/keithbaddeley.com\/es\/wp-json\/wp\/v2\/comments?post=859"}],"version-history":[{"count":9,"href":"https:\/\/keithbaddeley.com\/es\/wp-json\/wp\/v2\/pages\/859\/revisions"}],"predecessor-version":[{"id":5694,"href":"https:\/\/keithbaddeley.com\/es\/wp-json\/wp\/v2\/pages\/859\/revisions\/5694"}],"wp:attachment":[{"href":"https:\/\/keithbaddeley.com\/es\/wp-json\/wp\/v2\/media?parent=859"}],"curies":[{"name":"wp","href":"https:\/\/api.w.org\/{rel}","templated":true}]}}