{"id":871,"date":"2018-07-08T16:43:55","date_gmt":"2018-07-08T14:43:55","guid":{"rendered":"https:\/\/keithbaddeley.com\/cookies\/"},"modified":"2024-10-12T12:45:51","modified_gmt":"2024-10-12T10:45:51","slug":"cookies","status":"publish","type":"page","link":"https:\/\/keithbaddeley.com\/es\/cookies\/","title":{"rendered":"Pol\u00edtica de cookies"},"content":{"rendered":"\n<style type=\"text\/css\" data-created_by=\"avia_inline_auto\" id=\"style-css-av-jiud4tx5-a306633f92c169febae360c55668a66d\">\n.avia-section.av-jiud4tx5-a306633f92c169febae360c55668a66d{\nbackground-color:#4277a0;\nbackground-image:unset;\n}\n<\/style>\n<div id='av_section_1'  class='avia-section av-jiud4tx5-a306633f92c169febae360c55668a66d main_color avia-section-default avia-no-border-styling  avia-builder-el-0  el_before_av_textblock  avia-builder-el-first  avia-bg-style-scroll av-minimum-height av-minimum-height-25 av-height-25  container_wrap fullsize'   data-av_minimum_height_pc='25' data-av_min_height_opt='25'><div class='container av-section-cont-open' ><main  role=\"main\" itemprop=\"mainContentOfPage\"  class='template-page content  av-content-full alpha units'><div class='post-entry post-entry-type-page post-entry-871'><div class='entry-content-wrapper clearfix'>\n\n<style type=\"text\/css\" data-created_by=\"avia_inline_auto\" id=\"style-css-av-k8bs9r1x-3c36015e73e86991589f268ffafc8671\">\n#top .av-special-heading.av-k8bs9r1x-3c36015e73e86991589f268ffafc8671{\npadding-bottom:10px;\ncolor:#ffffff;\nfont-size:50px;\n}\nbody .av-special-heading.av-k8bs9r1x-3c36015e73e86991589f268ffafc8671 .av-special-heading-tag .heading-char{\nfont-size:25px;\n}\n#top #wrap_all .av-special-heading.av-k8bs9r1x-3c36015e73e86991589f268ffafc8671 .av-special-heading-tag{\nfont-size:50px;\n}\n.av-special-heading.av-k8bs9r1x-3c36015e73e86991589f268ffafc8671 .special-heading-inner-border{\nborder-color:#ffffff;\n}\n.av-special-heading.av-k8bs9r1x-3c36015e73e86991589f268ffafc8671 .av-subheading{\nfont-size:15px;\n}\n\n@media only screen and (min-width: 480px) and (max-width: 767px){ \n#top #wrap_all .av-special-heading.av-k8bs9r1x-3c36015e73e86991589f268ffafc8671 .av-special-heading-tag{\nfont-size:0.8em;\n}\n}\n\n@media only screen and (max-width: 479px){ \n#top #wrap_all .av-special-heading.av-k8bs9r1x-3c36015e73e86991589f268ffafc8671 .av-special-heading-tag{\nfont-size:0.8em;\n}\n}\n<\/style>\n<div  class='av-special-heading av-k8bs9r1x-3c36015e73e86991589f268ffafc8671 av-special-heading-h1 custom-color-heading blockquote modern-quote  avia-builder-el-1  avia-builder-el-no-sibling  av-inherit-size av-linked-heading'><h1 class='av-special-heading-tag '  itemprop=\"headline\"  >Pol\u00edtica de cookies<\/h1><div class=\"special-heading-border\"><div class=\"special-heading-inner-border\"><\/div><\/div><\/div>\n<\/div><\/div><\/main><!-- close content main element --><\/div><\/div><div id='after_section_1'  class='main_color av_default_container_wrap container_wrap fullsize'  ><div class='container av-section-cont-open' ><div class='template-page content  av-content-full alpha units'><div class='post-entry post-entry-type-page post-entry-871'><div class='entry-content-wrapper clearfix'>\n<section  class='av_textblock_section av-jkjt6sds-2185e7b26c15209ec2fb080c78678a72 '   itemscope=\"itemscope\" itemtype=\"https:\/\/schema.org\/CreativeWork\" ><div class='avia_textblock'  itemprop=\"text\" ><h2>Introducci\u00f3n<\/h2>\n<p>En cumplimiento de la Ley 34\/2002, de 11 de julio, de Servicios de la Sociedad de la Informaci\u00f3n y Comercio Electr\u00f3nico informamos al Usuario de la utilizaci\u00f3n de cookies en la web de KEITH BADDELEY.<\/p>\n<p>Las cookies permiten, entre otras cosas, recopilar informaci\u00f3n estad\u00edstica, facilitar ciertas funcionalidades t\u00e9cnicas, almacenar y recuperar informaci\u00f3n sobre los h\u00e1bitos de navegaci\u00f3n o preferencias de un Usuario o de su equipo y, dependiendo de la informaci\u00f3n que contengan y de la forma en que utilice su equipo, pueden utilizarse para reconocer al Usuario, recordar aspectos del Usuario como su idioma, pa\u00eds, navegador, etc. En caso de no querer recibir cookies, el Usuario podr\u00e1 configurar su navegador para que las borre del disco duro de su ordenador, las bloquee o le avise en su caso de instalaci\u00f3n de las mismas.<\/p>\n<p>Nuestro sitio web utiliza cookies y otras tecnolog\u00edas relacionadas (para mayor comodidad, todas las tecnolog\u00edas se denominan \u201ccookies\u201d). Las cookies tambi\u00e9n son colocadas por terceros a los que hemos contratado. En el siguiente documento te informamos sobre el uso de cookies en nuestra web.<\/p>\n<h2>\u00bfQu\u00e9 son las cookies, los scripts o las balizas web?<\/h2>\n<p>Una cookie es un peque\u00f1o archivo simple que se env\u00eda junto con las p\u00e1ginas de esta web y que el navegador del usuario almacena en el disco duro de su ordenador o de otro dispositivo (smartphone, tablet, televisi\u00f3n conectada\u2026). La informaci\u00f3n almacenada puede ser devuelta a nuestros servidores o a los servidores de terceros relevantes durante una visita posterior.<\/p>\n<p>Un script es un fragmento de c\u00f3digo de programa que se utiliza para hacer que nuestra web funcione correctamente y de forma interactiva. Este c\u00f3digo se ejecuta en nuestro servidor o en el dispositivo del usuario.<\/p>\n<p>Una baliza web (o una etiqueta de p\u00edxel) es una peque\u00f1a e invisible pieza de texto o imagen en una web que se utiliza para hacer seguimiento del tr\u00e1fico en una web.<\/p>\n<h2>Seg\u00fan la entidad que las gestione, las cookies pueden ser:<\/h2>\n<h3><em>Propias<\/em><\/h3>\n<p>Las cookies propias son archivos enviados desde nuestros servidores o dominios directamente al dispositivo del usuario. Son originadas y gestionadas por nosotros, y su uso contribuye al correcto funcionamiento y personalizaci\u00f3n de la experiencia del usuario.<\/p>\n<h3><em>De terceros<\/em><\/h3>\n<p>El Sitio Web puede utilizar cookies instaladas por terceros para realizar un an\u00e1lisis estad\u00edstico sobre la navegaci\u00f3n de los usuarios o mostrar contenido publicitario personalizado. Es importante tener en cuenta que, en caso de aceptar las cookies de terceros, ser\u00e1 responsabilidad del usuario eliminarlas desde las opciones del navegador o mediante el sistema proporcionado por el propio tercero.<\/p>\n<p>Tanto esta Web como sus representantes legales no se hacen responsables ni del contenido ni de la veracidad de las pol\u00edticas de privacidad que puedan tener los terceros mencionados en esta pol\u00edtica de cookies. Los navegadores web son las herramientas encargadas de almacenar las cookies, y desde este lugar, los usuarios deben ejercitar su derecho a la eliminaci\u00f3n o desactivaci\u00f3n de las mismas. Ni esta Web ni sus representantes legales pueden garantizar la correcta o incorrecta manipulaci\u00f3n de las cookies por parte de dichos navegadores.<\/p>\n<h2>Seg\u00fan su caducidad, las cookies pueden ser:<\/h2>\n<h3><em>Cookies de sesi\u00f3n<\/em><\/h3>\n<p>Cookies temporales, permanecen en el archivo de cookies del navegador solo durante la sesi\u00f3n en nuestra web y no se almacenan en el dispositivo despu\u00e9s de cerrar la sesi\u00f3n o el navegador.<\/p>\n<h3><em>Cookies persistentes<\/em><\/h3>\n<p>Almacenan informaci\u00f3n en el dispositivo y permanecen despu\u00e9s de cerrar la sesi\u00f3n o el navegador. Se utilizan para recordar informaci\u00f3n y configuraciones entre visitas, proporcionando una experiencia personalizada a lo largo del tiempo.<\/p>\n<h2>Seg\u00fan su finalidad, las cookies pueden ser:<\/h2>\n<h3><em>Cookies t\u00e9cnicas o funcionales<\/em><\/h3>\n<p>Algunas cookies aseguran que ciertas partes de la web funcionen correctamente y que las preferencias de usuario sigan record\u00e1ndose. Al colocar cookies funcionales, facilitamos la visita y uso de nuestra web. De esta manera, no es necesario introducir repetidamente la misma informaci\u00f3n cuando se visita nuestra web y, por ejemplo, los art\u00edculos permanecen en la cesta de la compra hasta que el usuario finalice la compra. La normativa nos permite colocar estas cookies sin tu consentimiento.<\/p>\n<h3><em>Cookies anal\u00edticas<\/em><\/h3>\n<p>Estas cookies se utilizan para optimizar la experiencia en el sitio web. Estas cookies permiten el seguimiento y an\u00e1lisis del comportamiento de los usuarios de los sitios web. Para su inserci\u00f3n, es necesario el consentimiento del usuario. Esta informaci\u00f3n es valiosa para mejorar y ajustar contenido y dise\u00f1o, asegurando una experiencia m\u00e1s eficiente y personalizada.<\/p>\n<h3><em>Cookies de publicidad o marketing<\/em><\/h3>\n<p>Almacenan informaci\u00f3n del comportamiento de los usuarios obtenida a trav\u00e9s de la observaci\u00f3n continuada de sus h\u00e1bitos de navegaci\u00f3n, lo que permite desarrollar un perfil espec\u00edfico para mostrar publicidad en funci\u00f3n del mismo. Tanto nosotros como terceros recopilamos informaci\u00f3n sobre los resultados de la campa\u00f1a bas\u00e1ndonos en un perfil creado a partir de los clics y la navegaci\u00f3n del usuario. Con estas cookies el usuario, como visitante de la web, est\u00e1 vinculado a un ID \u00fanico. Es necesario el consentimiento del usuario para insertar estas cookies.<\/p>\n<h3><em>Botones de medios sociales<\/em><\/h3>\n<p>Son botones que se utilizan para promocionar p\u00e1ginas (p. ej. \u00abme gusta\u00bb, \u00abpin\u00bb) o compartirlas (p. ej. \u00abtuitear\u00bb) en redes sociales como Facebook. Estos botones funcionan usando c\u00f3digo de estas RRSS; este c\u00f3digo incrusta cookies. Estos botones de redes sociales pueden almacenar y procesar cierta informaci\u00f3n, de esta manera puede ser mostrado un anuncio personalizado.<\/p>\n<p>Al clicar en esos botones, aceptas el uso de cookies por dichas redes sociales, cuya relaci\u00f3n ser\u00e1 exclusivamente regulada por la pol\u00edtica de privacidad de las respectivas entidades. Por favor, lee la pol\u00edtica de privacidad de estas redes sociales (que puede cambiar frecuentemente) para saber qu\u00e9 hacen con tus datos (personales) que procesan usando estas cookies.<\/p>\n<h2>En esta web se utilizan las siguientes cookies<\/h2>\n<table width=\"631\">\n<tbody>\n<tr>\n<td width=\"198\"><strong>FINALIDAD<\/strong><\/td>\n<td colspan=\"3\" width=\"433\"><strong>T\u00c9CNICAS<\/strong><\/td>\n<\/tr>\n<tr>\n<td width=\"198\">NOMBRE DE LA COOKIE<\/td>\n<td width=\"251\">DESCRIPCI\u00d3N\/FINALIDAD<\/td>\n<td width=\"80\">GESTI\u00d3N<\/td>\n<td width=\"102\">CADUCIDAD<\/td>\n<\/tr>\n<tr>\n<td width=\"198\">_icl_visitor_lang_js<\/p>\n<p>wpml_browser_redirect_test<\/td>\n<td width=\"251\">Permiten identificar el idioma del usuario a fin de mostrarle la p\u00e1gina web en el idioma correcto.<\/td>\n<td width=\"80\">Propia<\/td>\n<td width=\"102\">3 d\u00edas<\/p>\n<p>De Sesi\u00f3n<\/td>\n<\/tr>\n<\/tbody>\n<\/table>\n<h2>Consentimiento y configuraci\u00f3n de cookies<\/h2>\n<p>Cuando visites nuestra web por primera vez, te mostraremos una ventana emergente con una explicaci\u00f3n sobre las cookies (\u201cprimera capa\u201d). Tan pronto como hagas clic en el bot\u00f3n de aceptaci\u00f3n, aceptas que usemos las categor\u00edas de cookies y plugins que has seleccionado en la ventana emergente, tal y como se describe en esta pol\u00edtica de cookies. Puedes desactivar el uso de cookies a trav\u00e9s de tu navegador, pero, por favor, ten en cuenta que nuestra web puede dejar de funcionar correctamente si lo haces.<\/p>\n<h2>Tus derechos con respecto a los datos personales<\/h2>\n<p>Visita nuestra pol\u00edtica de privacidad para conocer tus derechos con respecto al tratamiento de datos personales, y c\u00f3mo ejercerlos.<\/p>\n<h2>Activaci\u00f3n, desactivaci\u00f3n y eliminaci\u00f3n de cookies<\/h2>\n<p>Puedes utilizar tu navegador de Internet para eliminar las cookies de forma autom\u00e1tica o manual. Tambi\u00e9n puedes especificar que ciertas cookies no pueden ser colocadas. Otra opci\u00f3n es cambiar los ajustes de tu navegador de Internet para que recibas un mensaje cada vez que se coloca una cookie. Para obtener m\u00e1s informaci\u00f3n sobre estas opciones, consulta las instrucciones de la secci\u00f3n de \u00abAyuda\u00bb de tu navegador.<\/p>\n<p>Ten en cuenta que nuestra web puede no funcionar correctamente si todas las cookies est\u00e1n desactivadas. Si borras las cookies de tu navegador, se volver\u00e1n a colocar despu\u00e9s de tu consentimiento cuando vuelvas a visitar nuestras webs.<\/p>\n<\/div><\/section>\n","protected":false},"excerpt":{"rendered":"","protected":false},"author":1,"featured_media":0,"parent":0,"menu_order":120,"comment_status":"closed","ping_status":"closed","template":"","meta":{"footnotes":""},"class_list":["post-871","page","type-page","status-publish","hentry"],"yoast_head":"<!-- This site is optimized with the Yoast SEO plugin v27.4 - https:\/\/yoast.com\/product\/yoast-seo-wordpress\/ -->\n<title>Pol\u00edtica de cookies<\/title>\n<meta name=\"robots\" content=\"noindex, follow\" \/>\n<meta property=\"og:locale\" content=\"es_ES\" \/>\n<meta property=\"og:type\" content=\"article\" \/>\n<meta property=\"og:title\" content=\"Pol\u00edtica de cookies\" \/>\n<meta property=\"og:url\" content=\"https:\/\/keithbaddeley.com\/es\/cookies\/\" \/>\n<meta property=\"og:site_name\" content=\"Traducci\u00f3n t\u00e9cnica y empresarial a ingl\u00e9s para el sector TIC\" \/>\n<meta property=\"article:modified_time\" content=\"2024-10-12T10:45:51+00:00\" \/>\n<meta name=\"twitter:card\" content=\"summary_large_image\" \/>\n<meta name=\"twitter:label1\" content=\"Tiempo de lectura\" \/>\n\t<meta name=\"twitter:data1\" content=\"6 minutos\" \/>\n<script type=\"application\/ld+json\" class=\"yoast-schema-graph\">{\"@context\":\"https:\\\/\\\/schema.org\",\"@graph\":[{\"@type\":\"WebPage\",\"@id\":\"https:\\\/\\\/keithbaddeley.com\\\/es\\\/cookies\\\/\",\"url\":\"https:\\\/\\\/keithbaddeley.com\\\/es\\\/cookies\\\/\",\"name\":\"Pol\u00edtica de cookies\",\"isPartOf\":{\"@id\":\"https:\\\/\\\/keithbaddeley.com\\\/es\\\/#website\"},\"datePublished\":\"2018-07-08T14:43:55+00:00\",\"dateModified\":\"2024-10-12T10:45:51+00:00\",\"breadcrumb\":{\"@id\":\"https:\\\/\\\/keithbaddeley.com\\\/es\\\/cookies\\\/#breadcrumb\"},\"inLanguage\":\"es\",\"potentialAction\":[{\"@type\":\"ReadAction\",\"target\":[\"https:\\\/\\\/keithbaddeley.com\\\/es\\\/cookies\\\/\"]}]},{\"@type\":\"BreadcrumbList\",\"@id\":\"https:\\\/\\\/keithbaddeley.com\\\/es\\\/cookies\\\/#breadcrumb\",\"itemListElement\":[{\"@type\":\"ListItem\",\"position\":1,\"name\":\"Home\",\"item\":\"https:\\\/\\\/keithbaddeley.com\\\/es\\\/inicio\\\/\"},{\"@type\":\"ListItem\",\"position\":2,\"name\":\"Pol\u00edtica de cookies\"}]},{\"@type\":\"WebSite\",\"@id\":\"https:\\\/\\\/keithbaddeley.com\\\/es\\\/#website\",\"url\":\"https:\\\/\\\/keithbaddeley.com\\\/es\\\/\",\"name\":\"English Technical and Business Translation for the IT Industry\",\"description\":\"Servicios de traducci\u00f3n t\u00e9cnica y empresarial a ingl\u00e9s para el sector TIC. Traductor especialista en TI y comunicaci\u00f3n empresarial.\",\"publisher\":{\"@id\":\"https:\\\/\\\/keithbaddeley.com\\\/es\\\/#organization\"},\"potentialAction\":[{\"@type\":\"SearchAction\",\"target\":{\"@type\":\"EntryPoint\",\"urlTemplate\":\"https:\\\/\\\/keithbaddeley.com\\\/es\\\/?s={search_term_string}\"},\"query-input\":{\"@type\":\"PropertyValueSpecification\",\"valueRequired\":true,\"valueName\":\"search_term_string\"}}],\"inLanguage\":\"es\"},{\"@type\":\"Organization\",\"@id\":\"https:\\\/\\\/keithbaddeley.com\\\/es\\\/#organization\",\"name\":\"Keith Baddeley\",\"url\":\"https:\\\/\\\/keithbaddeley.com\\\/es\\\/\",\"logo\":{\"@type\":\"ImageObject\",\"inLanguage\":\"es\",\"@id\":\"https:\\\/\\\/keithbaddeley.com\\\/es\\\/#\\\/schema\\\/logo\\\/image\\\/\",\"url\":\"https:\\\/\\\/keithbaddeley.com\\\/wp-content\\\/uploads\\\/2023\\\/03\\\/KBT_Logo_Blue2584bf.jpg\",\"contentUrl\":\"https:\\\/\\\/keithbaddeley.com\\\/wp-content\\\/uploads\\\/2023\\\/03\\\/KBT_Logo_Blue2584bf.jpg\",\"width\":1360,\"height\":358,\"caption\":\"Keith Baddeley\"},\"image\":{\"@id\":\"https:\\\/\\\/keithbaddeley.com\\\/es\\\/#\\\/schema\\\/logo\\\/image\\\/\"}}]}<\/script>\n<!-- \/ Yoast SEO plugin. -->","yoast_head_json":{"title":"Pol\u00edtica de cookies","robots":{"index":"noindex","follow":"follow"},"og_locale":"es_ES","og_type":"article","og_title":"Pol\u00edtica de cookies","og_url":"https:\/\/keithbaddeley.com\/es\/cookies\/","og_site_name":"Traducci\u00f3n t\u00e9cnica y empresarial a ingl\u00e9s para el sector TIC","article_modified_time":"2024-10-12T10:45:51+00:00","twitter_card":"summary_large_image","twitter_misc":{"Tiempo de lectura":"6 minutos"},"schema":{"@context":"https:\/\/schema.org","@graph":[{"@type":"WebPage","@id":"https:\/\/keithbaddeley.com\/es\/cookies\/","url":"https:\/\/keithbaddeley.com\/es\/cookies\/","name":"Pol\u00edtica de cookies","isPartOf":{"@id":"https:\/\/keithbaddeley.com\/es\/#website"},"datePublished":"2018-07-08T14:43:55+00:00","dateModified":"2024-10-12T10:45:51+00:00","breadcrumb":{"@id":"https:\/\/keithbaddeley.com\/es\/cookies\/#breadcrumb"},"inLanguage":"es","potentialAction":[{"@type":"ReadAction","target":["https:\/\/keithbaddeley.com\/es\/cookies\/"]}]},{"@type":"BreadcrumbList","@id":"https:\/\/keithbaddeley.com\/es\/cookies\/#breadcrumb","itemListElement":[{"@type":"ListItem","position":1,"name":"Home","item":"https:\/\/keithbaddeley.com\/es\/inicio\/"},{"@type":"ListItem","position":2,"name":"Pol\u00edtica de cookies"}]},{"@type":"WebSite","@id":"https:\/\/keithbaddeley.com\/es\/#website","url":"https:\/\/keithbaddeley.com\/es\/","name":"English Technical and Business Translation for the IT Industry","description":"Servicios de traducci\u00f3n t\u00e9cnica y empresarial a ingl\u00e9s para el sector TIC. Traductor especialista en TI y comunicaci\u00f3n empresarial.","publisher":{"@id":"https:\/\/keithbaddeley.com\/es\/#organization"},"potentialAction":[{"@type":"SearchAction","target":{"@type":"EntryPoint","urlTemplate":"https:\/\/keithbaddeley.com\/es\/?s={search_term_string}"},"query-input":{"@type":"PropertyValueSpecification","valueRequired":true,"valueName":"search_term_string"}}],"inLanguage":"es"},{"@type":"Organization","@id":"https:\/\/keithbaddeley.com\/es\/#organization","name":"Keith Baddeley","url":"https:\/\/keithbaddeley.com\/es\/","logo":{"@type":"ImageObject","inLanguage":"es","@id":"https:\/\/keithbaddeley.com\/es\/#\/schema\/logo\/image\/","url":"https:\/\/keithbaddeley.com\/wp-content\/uploads\/2023\/03\/KBT_Logo_Blue2584bf.jpg","contentUrl":"https:\/\/keithbaddeley.com\/wp-content\/uploads\/2023\/03\/KBT_Logo_Blue2584bf.jpg","width":1360,"height":358,"caption":"Keith Baddeley"},"image":{"@id":"https:\/\/keithbaddeley.com\/es\/#\/schema\/logo\/image\/"}}]}},"_links":{"self":[{"href":"https:\/\/keithbaddeley.com\/es\/wp-json\/wp\/v2\/pages\/871","targetHints":{"allow":["GET"]}}],"collection":[{"href":"https:\/\/keithbaddeley.com\/es\/wp-json\/wp\/v2\/pages"}],"about":[{"href":"https:\/\/keithbaddeley.com\/es\/wp-json\/wp\/v2\/types\/page"}],"author":[{"embeddable":true,"href":"https:\/\/keithbaddeley.com\/es\/wp-json\/wp\/v2\/users\/1"}],"replies":[{"embeddable":true,"href":"https:\/\/keithbaddeley.com\/es\/wp-json\/wp\/v2\/comments?post=871"}],"version-history":[{"count":6,"href":"https:\/\/keithbaddeley.com\/es\/wp-json\/wp\/v2\/pages\/871\/revisions"}],"predecessor-version":[{"id":5420,"href":"https:\/\/keithbaddeley.com\/es\/wp-json\/wp\/v2\/pages\/871\/revisions\/5420"}],"wp:attachment":[{"href":"https:\/\/keithbaddeley.com\/es\/wp-json\/wp\/v2\/media?parent=871"}],"curies":[{"name":"wp","href":"https:\/\/api.w.org\/{rel}","templated":true}]}}