{"id":1016,"date":"2018-07-08T16:43:55","date_gmt":"2018-07-08T14:43:55","guid":{"rendered":"https:\/\/keithbaddeley.com\/cookies\/"},"modified":"2024-10-12T12:47:21","modified_gmt":"2024-10-12T10:47:21","slug":"cookies","status":"publish","type":"page","link":"https:\/\/keithbaddeley.com\/fr\/cookies\/","title":{"rendered":"Politique de cookies"},"content":{"rendered":"\n<style type=\"text\/css\" data-created_by=\"avia_inline_auto\" id=\"style-css-av-jiud4tx5-a306633f92c169febae360c55668a66d\">\n.avia-section.av-jiud4tx5-a306633f92c169febae360c55668a66d{\nbackground-color:#4277a0;\nbackground-image:unset;\n}\n<\/style>\n<div id='av_section_1'  class='avia-section av-jiud4tx5-a306633f92c169febae360c55668a66d main_color avia-section-default avia-no-border-styling  avia-builder-el-0  el_before_av_textblock  avia-builder-el-first  avia-bg-style-scroll av-minimum-height av-minimum-height-25 av-height-25  container_wrap fullsize'   data-av_minimum_height_pc='25' data-av_min_height_opt='25'><div class='container av-section-cont-open' ><main  role=\"main\" itemprop=\"mainContentOfPage\"  class='template-page content  av-content-full alpha units'><div class='post-entry post-entry-type-page post-entry-1016'><div class='entry-content-wrapper clearfix'>\n\n<style type=\"text\/css\" data-created_by=\"avia_inline_auto\" id=\"style-css-av-k8bs9r1x-56c66cd53fa61e883fe1d59f0deb7465\">\n#top .av-special-heading.av-k8bs9r1x-56c66cd53fa61e883fe1d59f0deb7465{\npadding-bottom:10px;\ncolor:#ffffff;\nfont-size:50px;\n}\nbody .av-special-heading.av-k8bs9r1x-56c66cd53fa61e883fe1d59f0deb7465 .av-special-heading-tag .heading-char{\nfont-size:25px;\n}\n#top #wrap_all .av-special-heading.av-k8bs9r1x-56c66cd53fa61e883fe1d59f0deb7465 .av-special-heading-tag{\nfont-size:50px;\n}\n.av-special-heading.av-k8bs9r1x-56c66cd53fa61e883fe1d59f0deb7465 .special-heading-inner-border{\nborder-color:#ffffff;\n}\n.av-special-heading.av-k8bs9r1x-56c66cd53fa61e883fe1d59f0deb7465 .av-subheading{\nfont-size:15px;\n}\n\n@media only screen and (min-width: 480px) and (max-width: 767px){ \n#top #wrap_all .av-special-heading.av-k8bs9r1x-56c66cd53fa61e883fe1d59f0deb7465 .av-special-heading-tag{\nfont-size:0.8em;\n}\n}\n\n@media only screen and (max-width: 479px){ \n#top #wrap_all .av-special-heading.av-k8bs9r1x-56c66cd53fa61e883fe1d59f0deb7465 .av-special-heading-tag{\nfont-size:0.8em;\n}\n}\n<\/style>\n<div  class='av-special-heading av-k8bs9r1x-56c66cd53fa61e883fe1d59f0deb7465 av-special-heading-h1 custom-color-heading blockquote modern-quote  avia-builder-el-1  avia-builder-el-no-sibling  av-inherit-size av-linked-heading'><h1 class='av-special-heading-tag '  itemprop=\"headline\"  >Politique de cookies<\/h1><div class=\"special-heading-border\"><div class=\"special-heading-inner-border\"><\/div><\/div><\/div>\n<\/div><\/div><\/main><!-- close content main element --><\/div><\/div><div id='after_section_1'  class='main_color av_default_container_wrap container_wrap fullsize'  ><div class='container av-section-cont-open' ><div class='template-page content  av-content-full alpha units'><div class='post-entry post-entry-type-page post-entry-1016'><div class='entry-content-wrapper clearfix'>\n<section  class='av_textblock_section av-jkjt6sds-2185e7b26c15209ec2fb080c78678a72 '   itemscope=\"itemscope\" itemtype=\"https:\/\/schema.org\/CreativeWork\" ><div class='avia_textblock'  itemprop=\"text\" ><h2>Introduction<\/h2>\n<p>En vertu de la Loi espagnole 34\/2002, du 11 juillet, relative aux services de la soci\u00e9t\u00e9 de l\u2019information et du commerce \u00e9lectronique, nous informons l\u2019utilisateur de l\u2019utilisation de cookies sur le site web de KEITH BADDELEY.<\/p>\n<p>Les cookies permettent, entre autres, de collecter des informations statistiques, de faciliter certaines fonctionnalit\u00e9s techniques, de stocker et d\u2019extraire des informations sur les habitudes ou les pr\u00e9f\u00e9rences de navigation d\u2019un utilisateur ou de son ordinateur et, en fonction des informations qu\u2019ils contiennent et de la fa\u00e7on dont il utilise son ordinateur, ils peuvent \u00eatre utilis\u00e9s pour reconna\u00eetre l\u2019utilisateur, se souvenir d\u2019aspects de l\u2019utilisateur tels que la langue, le pays, le navigateur, etc. Si vous ne souhaitez pas recevoir de cookies, vous pourrez, en tant qu\u2019utilisateur, configurer votre navigateur pour les supprimer du disque dur de votre ordinateur, les bloquer ou vous avertir s\u2019ils sont install\u00e9s.<\/p>\n<p>Notre site web utilise des cookies et d\u2019autres technologies connexes (par commodit\u00e9, toutes les technologies sont appel\u00e9es \u00ab cookies \u00bb). Les cookies sont \u00e9galement plac\u00e9s par des tiers avec lesquels nous avons pass\u00e9 des contrats. Dans le document suivant, nous vous informons de l\u2019utilisation de cookies sur notre site web.<\/p>\n<h2>Que sont les cookies, les scripts ou les balises web ?<\/h2>\n<p>Un cookie est un petit fichier simple qui est envoy\u00e9 avec les pages de ce site web et que le navigateur de l\u2019utilisateur stocke sur le disque dur de son ordinateur ou autre appareil (smartphone, tablette, t\u00e9l\u00e9vision connect\u00e9e, etc.). Les informations stock\u00e9es peuvent \u00eatre renvoy\u00e9es \u00e0 nos serveurs ou aux serveurs tiers concern\u00e9s lors d\u2019une visite ult\u00e9rieure.<\/p>\n<p>Un script est un morceau de code de programme qui est utilis\u00e9 pour faire fonctionner notre site web correctement et de mani\u00e8re interactive. Ce code s\u2019ex\u00e9cute sur notre serveur ou sur l\u2019appareil de l\u2019utilisateur.<\/p>\n<p>Une balise web (ou pixel tag) est un petit morceau de texte ou d\u2019image invisible sur un site web qui est utilis\u00e9 pour suivre le trafic web.<\/p>\n<h2>Selon l\u2019entit\u00e9 qui les g\u00e8re, les cookies peuvent \u00eatre des\u00a0:<\/h2>\n<h3><em>Cookies de premi\u00e8re partie<\/em><\/h3>\n<p>Les cookies de premi\u00e8re partie sont des fichiers envoy\u00e9s par nos serveurs ou domaines directement \u00e0 l\u2019appareil de l\u2019utilisateur. Ils sont cr\u00e9\u00e9s et g\u00e9r\u00e9s par nous et leur utilisation contribue au bon fonctionnement et \u00e0 la personnalisation de l\u2019exp\u00e9rience de l\u2019utilisateur.<\/p>\n<h3><em>Cookies de tiers<\/em><\/h3>\n<p>Le site web peut utiliser des cookies install\u00e9s par des tiers pour effectuer une analyse statistique de la navigation des utilisateurs ou pour afficher des contenus publicitaires personnalis\u00e9s. Il est important de garder \u00e0 l\u2019esprit qu\u2019en cas d\u2019acceptation de cookies de tiers, il appartiendra \u00e0 l\u2019utilisateur de les supprimer \u00e0 partir des options du navigateur ou \u00e0 travers le syst\u00e8me \u00e9tabli par le tiers lui-m\u00eame.<\/p>\n<p>Ce site web et ses repr\u00e9sentants l\u00e9gaux ne sont pas responsables du contenu ou de la v\u00e9racit\u00e9 des politiques de confidentialit\u00e9 des tiers mentionn\u00e9s dans cette politique de cookies. Les navigateurs web sont les outils responsables du stockage des cookies et c\u2019est \u00e0 partir d\u2019eux que les utilisateurs peuvent exercer leur droit de les supprimer ou de les d\u00e9sactiver. Ni ce site web ni ses repr\u00e9sentants l\u00e9gaux ne peuvent garantir le traitement correct ou incorrect des cookies par ces navigateurs.<\/p>\n<h2>En fonction de leur date d\u2019expiration, les cookies peuvent \u00eatre des\u00a0:<\/h2>\n<h3><em>Cookies de session<\/em><\/h3>\n<p>Ces cookies temporaires restent dans le fichier de cookies du navigateur uniquement pendant la dur\u00e9e de la session sur notre site web et ne sont pas stock\u00e9s sur l\u2019appareil apr\u00e8s la fermeture de la session ou du navigateur.<\/p>\n<h3><em>Cookies persistants<\/em><\/h3>\n<p>Ces cookies stockent des informations sur l\u2019appareil et restent apr\u00e8s la fermeture de la session ou du navigateur. Ils sont utilis\u00e9s pour m\u00e9moriser des informations et des param\u00e8tres entre chaque visite, ce qui permet d\u2019offrir une exp\u00e9rience personnalis\u00e9e au fil du temps.<\/p>\n<h2>En fonction de leur finalit\u00e9, les cookies peuvent \u00eatre des\u00a0:<\/h2>\n<h3><em>Cookies techniques ou fonctionnels<\/em><\/h3>\n<p>Certains cookies garantissent le bon fonctionnement de certaines parties du site web et la m\u00e9morisation des pr\u00e9f\u00e9rences de l\u2019utilisateur. En pla\u00e7ant des cookies fonctionnels, nous facilitons la visite et l\u2019utilisation de notre site web. De cette mani\u00e8re, il n\u2019est pas n\u00e9cessaire de saisir plusieurs fois les m\u00eames informations lors de la visite de notre site web et, par exemple, les articles restent dans le panier jusqu\u2019\u00e0 ce que l\u2019utilisateur finalise l\u2019achat. La r\u00e9glementation nous autorise \u00e0 placer ces cookies sans votre consentement.<\/p>\n<h3><em>Cookies analytiques<\/em><\/h3>\n<p>Ces cookies sont utilis\u00e9s pour optimiser l\u2019exp\u00e9rience sur le site web. Ils permettent le suivi et l\u2019analyse du comportement des utilisateurs du site web. Le consentement de l\u2019utilisateur est requis pour placer ces cookies. Ces informations sont pr\u00e9cieuses pour am\u00e9liorer et ajuster le contenu et la conception, afin de garantir une exp\u00e9rience plus efficace et personnalis\u00e9e.<\/p>\n<h3><em>Cookies publicitaires ou de marketing<\/em><\/h3>\n<p>Ces cookies stockent des informations sur le comportement des utilisateurs obtenues gr\u00e2ce \u00e0 l\u2019observation continue de leurs habitudes de navigation, ce qui permet le d\u00e9veloppement d\u2019un profil sp\u00e9cifique pour afficher des publicit\u00e9s bas\u00e9es sur celui-ci. Nous et des tiers recueillons des informations sur les r\u00e9sultats des campagnes sur la base d\u2019un profil cr\u00e9\u00e9 \u00e0 partir des clics et de la navigation des utilisateurs. Avec ces cookies, l\u2019utilisateur, en tant que visiteur du site web, est li\u00e9 \u00e0 un identifiant unique. Le consentement de l\u2019utilisateur est requis pour placer ces cookies.<\/p>\n<h3><em>Boutons de m\u00e9dias sociaux<\/em><\/h3>\n<p>Il s\u2019agit de boutons qui sont utilis\u00e9s pour promouvoir des pages (par exemple, \u00ab\u00a0j\u2019aime\u00a0\u00bb, \u00ab\u00a0\u00e9pingler\u00a0\u00bb) ou les partager (par exemple, \u00ab\u00a0tweet\u00a0\u00bb) sur des r\u00e9seaux sociaux tels que Facebook. Ces boutons fonctionnent \u00e0 l\u2019aide du code de ces r\u00e9seaux sociaux\u00a0; ce code int\u00e8gre des cookies. Ces boutons de m\u00e9dias sociaux peuvent stocker et traiter certaines informations, afin qu\u2019une publicit\u00e9 personnalis\u00e9e puisse \u00eatre affich\u00e9e.<\/p>\n<p>En cliquant sur ces boutons, vous acceptez l\u2019utilisation de cookies par ces r\u00e9seaux sociaux, dont la relation sera exclusivement r\u00e9gie par la politique de confidentialit\u00e9 des entit\u00e9s respectives. Veuillez lire la politique de confidentialit\u00e9 de ces r\u00e9seaux sociaux (qui peut changer fr\u00e9quemment) pour savoir ce qu\u2019ils font de vos donn\u00e9es (personnelles) qu\u2019ils traitent \u00e0 l\u2019aide de ces cookies.<\/p>\n<h2>Ce site web utilise les cookies suivants<\/h2>\n<table width=\"631\">\n<tbody>\n<tr>\n<td width=\"198\"><strong>BUT<\/strong><\/td>\n<td colspan=\"3\" width=\"433\"><strong>LES TECHNIQUES<\/strong><\/td>\n<\/tr>\n<tr>\n<td width=\"198\">NOM DU COOKIE<\/td>\n<td width=\"251\">DESCRIPTION\/FINALIT\u00c9<\/td>\n<td width=\"80\">GESTION<\/td>\n<td width=\"102\">DUR\u00c9E DE VIE<\/td>\n<\/tr>\n<tr>\n<td width=\"198\">_icl_visitor_lang_js<\/p>\n<p>wpml_browser_redirect_test<\/td>\n<td width=\"251\">Permettent d\u2019identifier la langue de l\u2019utilisateur afin d\u2019afficher le site web dans la bonne langue.<\/td>\n<td width=\"80\">Premi\u00e8re partie<\/td>\n<td width=\"102\">3 jours<\/p>\n<p>De session<\/td>\n<\/tr>\n<\/tbody>\n<\/table>\n<h2>Consentement et param\u00e9trage des cookies<\/h2>\n<p>Lorsque vous visitez notre site web pour la premi\u00e8re fois, nous vous montrerons une fen\u00eatre contextuelle avec une explication sur les cookies (\u00ab premi\u00e8re couche \u00bb). D\u00e8s que vous cliquez sur le bouton d\u2019acceptation, vous acceptez notre utilisation des cat\u00e9gories de cookies et de plugins que vous avez s\u00e9lectionn\u00e9es dans la fen\u00eatre contextuelle, comme d\u00e9crit dans cette politique relative aux cookies. Vous pouvez d\u00e9sactiver l\u2019utilisation des cookies via votre navigateur, mais n\u2019oubliez pas que notre site web peut cesser de fonctionner correctement si vous le faites.<\/p>\n<h2>Vos droits concernant les donn\u00e9es personnelles<\/h2>\n<p>Consultez notre politique de confidentialit\u00e9 pour conna\u00eetre vos droits concernant le traitement des donn\u00e9es personnelles et comment les exercer.<\/p>\n<h2>Activation, d\u00e9sactivation et \u00e9limination des cookies<\/h2>\n<p>Vous pouvez utiliser votre navigateur internet pour supprimer les cookies automatiquement ou manuellement. Vous pouvez \u00e9galement sp\u00e9cifier que certains cookies ne peuvent pas \u00eatre d\u00e9pos\u00e9s. Une autre option consiste \u00e0 modifier les param\u00e8tres de votre navigateur internet afin que vous receviez un message chaque fois qu\u2019un cookie est plac\u00e9. Pour plus d\u2019informations sur ces options, consultez les instructions dans la section \u00ab Aide \u00bb de votre navigateur.<\/p>\n<p>Veuillez noter que notre site web peut ne pas fonctionner correctement si tous les cookies sont d\u00e9sactiv\u00e9s. Si vous supprimez les cookies de votre navigateur, ils seront \u00e0 nouveau plac\u00e9s apr\u00e8s votre consentement lorsque vous visiterez \u00e0 nouveau nos sites web.<\/p>\n<\/div><\/section>\n","protected":false},"excerpt":{"rendered":"","protected":false},"author":1,"featured_media":0,"parent":0,"menu_order":120,"comment_status":"closed","ping_status":"closed","template":"","meta":{"footnotes":""},"class_list":["post-1016","page","type-page","status-publish","hentry"],"yoast_head":"<!-- This site is optimized with the Yoast SEO plugin v27.4 - https:\/\/yoast.com\/product\/yoast-seo-wordpress\/ -->\n<title>Politique de cookies<\/title>\n<meta name=\"robots\" content=\"noindex, follow\" \/>\n<meta property=\"og:locale\" content=\"fr_FR\" \/>\n<meta property=\"og:type\" content=\"article\" \/>\n<meta property=\"og:title\" content=\"Politique de cookies\" \/>\n<meta property=\"og:url\" content=\"https:\/\/keithbaddeley.com\/fr\/cookies\/\" \/>\n<meta property=\"og:site_name\" content=\"Traduction technique et commerciale en anglais pour le secteur TI\" \/>\n<meta property=\"article:modified_time\" content=\"2024-10-12T10:47:21+00:00\" \/>\n<meta name=\"twitter:card\" content=\"summary_large_image\" \/>\n<meta name=\"twitter:label1\" content=\"Dur\u00e9e de lecture estim\u00e9e\" \/>\n\t<meta name=\"twitter:data1\" content=\"6 minutes\" \/>\n<script type=\"application\/ld+json\" class=\"yoast-schema-graph\">{\"@context\":\"https:\\\/\\\/schema.org\",\"@graph\":[{\"@type\":\"WebPage\",\"@id\":\"https:\\\/\\\/keithbaddeley.com\\\/fr\\\/cookies\\\/\",\"url\":\"https:\\\/\\\/keithbaddeley.com\\\/fr\\\/cookies\\\/\",\"name\":\"Politique de cookies\",\"isPartOf\":{\"@id\":\"https:\\\/\\\/keithbaddeley.com\\\/fr\\\/#website\"},\"datePublished\":\"2018-07-08T14:43:55+00:00\",\"dateModified\":\"2024-10-12T10:47:21+00:00\",\"breadcrumb\":{\"@id\":\"https:\\\/\\\/keithbaddeley.com\\\/fr\\\/cookies\\\/#breadcrumb\"},\"inLanguage\":\"fr-FR\",\"potentialAction\":[{\"@type\":\"ReadAction\",\"target\":[\"https:\\\/\\\/keithbaddeley.com\\\/fr\\\/cookies\\\/\"]}]},{\"@type\":\"BreadcrumbList\",\"@id\":\"https:\\\/\\\/keithbaddeley.com\\\/fr\\\/cookies\\\/#breadcrumb\",\"itemListElement\":[{\"@type\":\"ListItem\",\"position\":1,\"name\":\"Home\",\"item\":\"https:\\\/\\\/keithbaddeley.com\\\/fr\\\/accueil\\\/\"},{\"@type\":\"ListItem\",\"position\":2,\"name\":\"Politique de cookies\"}]},{\"@type\":\"WebSite\",\"@id\":\"https:\\\/\\\/keithbaddeley.com\\\/fr\\\/#website\",\"url\":\"https:\\\/\\\/keithbaddeley.com\\\/fr\\\/\",\"name\":\"English Technical and Business Translation for the IT Industry\",\"description\":\"Traduction technique et commerciale vers l\u2019anglais pour le secteur TI. Sp\u00e9cialiste de l\u2019informatique et de la communication d\u2019entreprise.\",\"publisher\":{\"@id\":\"https:\\\/\\\/keithbaddeley.com\\\/fr\\\/#organization\"},\"potentialAction\":[{\"@type\":\"SearchAction\",\"target\":{\"@type\":\"EntryPoint\",\"urlTemplate\":\"https:\\\/\\\/keithbaddeley.com\\\/fr\\\/?s={search_term_string}\"},\"query-input\":{\"@type\":\"PropertyValueSpecification\",\"valueRequired\":true,\"valueName\":\"search_term_string\"}}],\"inLanguage\":\"fr-FR\"},{\"@type\":\"Organization\",\"@id\":\"https:\\\/\\\/keithbaddeley.com\\\/fr\\\/#organization\",\"name\":\"Keith Baddeley\",\"url\":\"https:\\\/\\\/keithbaddeley.com\\\/fr\\\/\",\"logo\":{\"@type\":\"ImageObject\",\"inLanguage\":\"fr-FR\",\"@id\":\"https:\\\/\\\/keithbaddeley.com\\\/fr\\\/#\\\/schema\\\/logo\\\/image\\\/\",\"url\":\"https:\\\/\\\/keithbaddeley.com\\\/wp-content\\\/uploads\\\/2023\\\/03\\\/KBT_Logo_Blue2584bf.jpg\",\"contentUrl\":\"https:\\\/\\\/keithbaddeley.com\\\/wp-content\\\/uploads\\\/2023\\\/03\\\/KBT_Logo_Blue2584bf.jpg\",\"width\":1360,\"height\":358,\"caption\":\"Keith Baddeley\"},\"image\":{\"@id\":\"https:\\\/\\\/keithbaddeley.com\\\/fr\\\/#\\\/schema\\\/logo\\\/image\\\/\"}}]}<\/script>\n<!-- \/ Yoast SEO plugin. -->","yoast_head_json":{"title":"Politique de cookies","robots":{"index":"noindex","follow":"follow"},"og_locale":"fr_FR","og_type":"article","og_title":"Politique de cookies","og_url":"https:\/\/keithbaddeley.com\/fr\/cookies\/","og_site_name":"Traduction technique et commerciale en anglais pour le secteur TI","article_modified_time":"2024-10-12T10:47:21+00:00","twitter_card":"summary_large_image","twitter_misc":{"Dur\u00e9e de lecture estim\u00e9e":"6 minutes"},"schema":{"@context":"https:\/\/schema.org","@graph":[{"@type":"WebPage","@id":"https:\/\/keithbaddeley.com\/fr\/cookies\/","url":"https:\/\/keithbaddeley.com\/fr\/cookies\/","name":"Politique de cookies","isPartOf":{"@id":"https:\/\/keithbaddeley.com\/fr\/#website"},"datePublished":"2018-07-08T14:43:55+00:00","dateModified":"2024-10-12T10:47:21+00:00","breadcrumb":{"@id":"https:\/\/keithbaddeley.com\/fr\/cookies\/#breadcrumb"},"inLanguage":"fr-FR","potentialAction":[{"@type":"ReadAction","target":["https:\/\/keithbaddeley.com\/fr\/cookies\/"]}]},{"@type":"BreadcrumbList","@id":"https:\/\/keithbaddeley.com\/fr\/cookies\/#breadcrumb","itemListElement":[{"@type":"ListItem","position":1,"name":"Home","item":"https:\/\/keithbaddeley.com\/fr\/accueil\/"},{"@type":"ListItem","position":2,"name":"Politique de cookies"}]},{"@type":"WebSite","@id":"https:\/\/keithbaddeley.com\/fr\/#website","url":"https:\/\/keithbaddeley.com\/fr\/","name":"English Technical and Business Translation for the IT Industry","description":"Traduction technique et commerciale vers l\u2019anglais pour le secteur TI. Sp\u00e9cialiste de l\u2019informatique et de la communication d\u2019entreprise.","publisher":{"@id":"https:\/\/keithbaddeley.com\/fr\/#organization"},"potentialAction":[{"@type":"SearchAction","target":{"@type":"EntryPoint","urlTemplate":"https:\/\/keithbaddeley.com\/fr\/?s={search_term_string}"},"query-input":{"@type":"PropertyValueSpecification","valueRequired":true,"valueName":"search_term_string"}}],"inLanguage":"fr-FR"},{"@type":"Organization","@id":"https:\/\/keithbaddeley.com\/fr\/#organization","name":"Keith Baddeley","url":"https:\/\/keithbaddeley.com\/fr\/","logo":{"@type":"ImageObject","inLanguage":"fr-FR","@id":"https:\/\/keithbaddeley.com\/fr\/#\/schema\/logo\/image\/","url":"https:\/\/keithbaddeley.com\/wp-content\/uploads\/2023\/03\/KBT_Logo_Blue2584bf.jpg","contentUrl":"https:\/\/keithbaddeley.com\/wp-content\/uploads\/2023\/03\/KBT_Logo_Blue2584bf.jpg","width":1360,"height":358,"caption":"Keith Baddeley"},"image":{"@id":"https:\/\/keithbaddeley.com\/fr\/#\/schema\/logo\/image\/"}}]}},"_links":{"self":[{"href":"https:\/\/keithbaddeley.com\/fr\/wp-json\/wp\/v2\/pages\/1016","targetHints":{"allow":["GET"]}}],"collection":[{"href":"https:\/\/keithbaddeley.com\/fr\/wp-json\/wp\/v2\/pages"}],"about":[{"href":"https:\/\/keithbaddeley.com\/fr\/wp-json\/wp\/v2\/types\/page"}],"author":[{"embeddable":true,"href":"https:\/\/keithbaddeley.com\/fr\/wp-json\/wp\/v2\/users\/1"}],"replies":[{"embeddable":true,"href":"https:\/\/keithbaddeley.com\/fr\/wp-json\/wp\/v2\/comments?post=1016"}],"version-history":[{"count":6,"href":"https:\/\/keithbaddeley.com\/fr\/wp-json\/wp\/v2\/pages\/1016\/revisions"}],"predecessor-version":[{"id":5688,"href":"https:\/\/keithbaddeley.com\/fr\/wp-json\/wp\/v2\/pages\/1016\/revisions\/5688"}],"wp:attachment":[{"href":"https:\/\/keithbaddeley.com\/fr\/wp-json\/wp\/v2\/media?parent=1016"}],"curies":[{"name":"wp","href":"https:\/\/api.w.org\/{rel}","templated":true}]}}