{"id":5502,"date":"2025-03-26T18:25:44","date_gmt":"2025-03-26T17:25:44","guid":{"rendered":"https:\/\/keithbaddeley.com\/?page_id=5502"},"modified":"2025-03-27T18:11:15","modified_gmt":"2025-03-27T17:11:15","slug":"portfolio","status":"publish","type":"page","link":"https:\/\/keithbaddeley.com\/fr\/portfolio\/","title":{"rendered":"Portfolio"},"content":{"rendered":"\n<style type=\"text\/css\" data-created_by=\"avia_inline_auto\" id=\"style-css-av-ldoc0og9-80bf31e04eb0644e100c6dd76d4febcc\">\n.avia-section.av-ldoc0og9-80bf31e04eb0644e100c6dd76d4febcc{\nbackground-color:#135689;\nbackground-image:unset;\n}\n<\/style>\n<div id='av_section_1'  class='avia-section av-ldoc0og9-80bf31e04eb0644e100c6dd76d4febcc main_color avia-section-default avia-no-border-styling  avia-builder-el-0  el_before_av_section  avia-builder-el-first  avia-bg-style-fixed container_wrap fullsize'  ><div class='container av-section-cont-open' ><main  role=\"main\" itemprop=\"mainContentOfPage\"  class='template-page content  av-content-full alpha units'><div class='post-entry post-entry-type-page post-entry-5502'><div class='entry-content-wrapper clearfix'>\n\n<style type=\"text\/css\" data-created_by=\"avia_inline_auto\" id=\"style-css-av-leiqcpfs-70a9f979e3534008701091772a2f2c16\">\n#top .av-special-heading.av-leiqcpfs-70a9f979e3534008701091772a2f2c16{\ncolor:#ffffff;\nfont-size:44px;\n}\nbody .av-special-heading.av-leiqcpfs-70a9f979e3534008701091772a2f2c16 .av-special-heading-tag .heading-char{\nfont-size:25px;\n}\n#top #wrap_all .av-special-heading.av-leiqcpfs-70a9f979e3534008701091772a2f2c16 .av-special-heading-tag{\nfont-size:44px;\n}\n.av-special-heading.av-leiqcpfs-70a9f979e3534008701091772a2f2c16 .special-heading-inner-border{\nborder-color:#ffffff;\n}\n.av-special-heading.av-leiqcpfs-70a9f979e3534008701091772a2f2c16 .av-subheading{\nfont-size:15px;\n}\n\n@media only screen and (min-width: 990px){ \n#top #wrap_all .av-special-heading.av-leiqcpfs-70a9f979e3534008701091772a2f2c16 .av-special-heading-tag{\nfont-size:44px;\n}\n}\n\n@media only screen and (min-width: 768px) and (max-width: 989px){ \n#top #wrap_all .av-special-heading.av-leiqcpfs-70a9f979e3534008701091772a2f2c16 .av-special-heading-tag{\nfont-size:34px;\n}\n}\n\n@media only screen and (min-width: 480px) and (max-width: 767px){ \n#top #wrap_all .av-special-heading.av-leiqcpfs-70a9f979e3534008701091772a2f2c16 .av-special-heading-tag{\nfont-size:34px;\n}\n}\n\n@media only screen and (max-width: 479px){ \n#top #wrap_all .av-special-heading.av-leiqcpfs-70a9f979e3534008701091772a2f2c16 .av-special-heading-tag{\nfont-size:26px;\n}\n}\n<\/style>\n<div  class='av-special-heading av-leiqcpfs-70a9f979e3534008701091772a2f2c16 av-special-heading-h1 custom-color-heading blockquote modern-quote modern-centered  avia-builder-el-1  avia-builder-el-no-sibling  av-inherit-size'><h1 class='av-special-heading-tag '  itemprop=\"headline\"  >Je d\u00e9crypte vos contenus ciber pour un impact maximum \u00e0 l\u2019international<\/h1><div class=\"special-heading-border\"><div class=\"special-heading-inner-border\"><\/div><\/div><\/div>\n\n<\/div><\/div><\/main><!-- close content main element --><\/div><\/div><div id='av_section_2'  class='avia-section av-7wei4-0d6693d177af6f074fa301893cecf84e main_color avia-section-small avia-no-border-styling  avia-builder-el-2  el_after_av_section  el_before_av_section  avia-bg-style-scroll av-minimum-height av-minimum-height-75 av-height-75  container_wrap fullsize'   data-av_minimum_height_pc='75' data-av_min_height_opt='75'><div class='container av-section-cont-open' ><div class='template-page content  av-content-full alpha units'><div class='post-entry post-entry-type-page post-entry-5502'><div class='entry-content-wrapper clearfix'>\n\n<style type=\"text\/css\" data-created_by=\"avia_inline_auto\" id=\"style-css-av-m8q61br1-ae4a3916e15a6b2e20913e35aec75665\">\n#top .av_textblock_section.av-m8q61br1-ae4a3916e15a6b2e20913e35aec75665 .avia_textblock{\nfont-size:20px;\n}\n<\/style>\n<section  class='av_textblock_section av-m8q61br1-ae4a3916e15a6b2e20913e35aec75665 '   itemscope=\"itemscope\" itemtype=\"https:\/\/schema.org\/CreativeWork\" ><div class='avia_textblock'  itemprop=\"text\" ><p>Ce portfolio illustre comment j\u2019accompagne les leaders en cybers\u00e9curit\u00e9 dans la communication avec leurs audiences internationales. Gr\u00e2ce \u00e0 la traduction sp\u00e9cialis\u00e9e et aux services de contenu strat\u00e9gique, je transforme des concepts de s\u00e9curit\u00e9 complexes en un anglais clair qui booste l\u2019engagement, stimule l\u2019adoption et facilite la compr\u00e9hension.<\/p>\n<p>D\u00e9couvrez \u00e0 travers les \u00e9tudes de cas comment mon parcours unique, alliant expertise IT et services linguistiques, a aid\u00e9 des m\u00e9dias sp\u00e9cialis\u00e9s, des plateformes d\u2019e-learning, des groupes industriels internationaux et des fournisseurs de solutions \u00e0 relever leurs d\u00e9fis de communication.<\/p>\n<p>Prenez cinq minutes et un caf\u00e9 pour explorer comment nous pourrions collaborer pour amplifier votre impact \u00e0 l&rsquo;international.<\/p>\n<\/div><\/section>\n\n<style type=\"text\/css\" data-created_by=\"avia_inline_auto\" id=\"style-css-av-m8q689d5-d70ce5831b72321457cec52b38141c44\">\n#top .hr.hr-invisible.av-m8q689d5-d70ce5831b72321457cec52b38141c44{\nheight:14px;\n}\n<\/style>\n<div  class='hr av-m8q689d5-d70ce5831b72321457cec52b38141c44 hr-invisible  avia-builder-el-4  el_after_av_textblock  el_before_av_codeblock '><span class='hr-inner '><span class=\"hr-inner-style\"><\/span><\/span><\/div>\n\n\n<\/div><\/div><\/div><!-- close content main div --><\/div><\/div>\n<style type=\"text\/css\" data-created_by=\"avia_inline_auto\" id=\"style-css-av-av_section-ca621be4d08527072b5aea5a3aa03552\">\n.avia-section.av-av_section-ca621be4d08527072b5aea5a3aa03552{\nbackground-color:#135689;\nbackground-image:unset;\n}\n<\/style>\n<div id='av_section_3'  class='avia-section av-av_section-ca621be4d08527072b5aea5a3aa03552 alternate_color avia-section-small avia-no-border-styling  avia-builder-el-6  el_after_av_section  avia-builder-el-last  avia-bg-style-scroll container_wrap fullsize'  ><div class='container av-section-cont-open' ><div class='template-page content  av-content-full alpha units'><div class='post-entry post-entry-type-page post-entry-5502'><div class='entry-content-wrapper clearfix'>\n\n<style type=\"text\/css\" data-created_by=\"avia_inline_auto\" id=\"style-css-av-av_hr-28034309f1084a67114a65e3ffa75ab2\">\n#top .hr.hr-invisible.av-av_hr-28034309f1084a67114a65e3ffa75ab2{\nmargin-top:-20px;\nheight:1px;\n}\n<\/style>\n<div  class='hr av-av_hr-28034309f1084a67114a65e3ffa75ab2 hr-invisible  avia-builder-el-7  el_before_av_heading  avia-builder-el-first '><span class='hr-inner '><span class=\"hr-inner-style\"><\/span><\/span><\/div>\n\n<style type=\"text\/css\" data-created_by=\"avia_inline_auto\" id=\"style-css-av-av_heading-93e38b9a406ecb1cbb217d8846931e58\">\n#top .av-special-heading.av-av_heading-93e38b9a406ecb1cbb217d8846931e58{\npadding-bottom:3px;\ncolor:#ffffff;\nfont-size:30px;\n}\nbody .av-special-heading.av-av_heading-93e38b9a406ecb1cbb217d8846931e58 .av-special-heading-tag .heading-char{\nfont-size:25px;\n}\n#top #wrap_all .av-special-heading.av-av_heading-93e38b9a406ecb1cbb217d8846931e58 .av-special-heading-tag{\nfont-size:30px;\n}\n.av-special-heading.av-av_heading-93e38b9a406ecb1cbb217d8846931e58 .special-heading-inner-border{\nborder-color:#ffffff;\n}\n.av-special-heading.av-av_heading-93e38b9a406ecb1cbb217d8846931e58 .av-subheading{\nfont-size:15px;\n}\n\n@media only screen and (min-width: 480px) and (max-width: 767px){ \n#top #wrap_all .av-special-heading.av-av_heading-93e38b9a406ecb1cbb217d8846931e58 .av-special-heading-tag{\nfont-size:0.8em;\n}\n}\n\n@media only screen and (max-width: 479px){ \n#top #wrap_all .av-special-heading.av-av_heading-93e38b9a406ecb1cbb217d8846931e58 .av-special-heading-tag{\nfont-size:0.8em;\n}\n}\n<\/style>\n<div  class='av-special-heading av-av_heading-93e38b9a406ecb1cbb217d8846931e58 av-special-heading-h2 custom-color-heading blockquote modern-quote modern-centered  avia-builder-el-8  el_after_av_hr  el_before_av_textblock  av-inherit-size'><h2 class='av-special-heading-tag '  itemprop=\"headline\"  >Il est facile de travailler avec moi. Votre entreprise est-elle pr\u00eate ?<\/h2><div class=\"special-heading-border\"><div class=\"special-heading-inner-border\"><\/div><\/div><\/div>\n\n<style type=\"text\/css\" data-created_by=\"avia_inline_auto\" id=\"style-css-av-m8rk7v8d-a28ec3bef140e2922f2e614373b83923\">\n#top .av_textblock_section.av-m8rk7v8d-a28ec3bef140e2922f2e614373b83923 .avia_textblock{\nfont-size:20px;\n}\n<\/style>\n<section  class='av_textblock_section av-m8rk7v8d-a28ec3bef140e2922f2e614373b83923 '   itemscope=\"itemscope\" itemtype=\"https:\/\/schema.org\/CreativeWork\" ><div class='avia_textblock'  itemprop=\"text\" ><p style=\"text-align: center;\">Envoyez-moi votre document par e-mail \u00e0 <a href=\"mailto:keith@keithbaddeley.com\">keith@keithbaddeley.com<\/a> et je vous ferai parvenir tout de suite un devis.<\/p>\n<p style=\"text-align: center;\">Ou cliquez sur le bouton pour r\u00e9server un appel d\u00e9couverte. Nous parlerons de votre projet et vous conna\u00eetrez plus pr\u00e9cis\u00e9ment mon approche professionnelle.<\/p>\n<\/div><\/section>\n<div  class='avia-button-wrap av-m8q7eq8l-98398a1f25219d9bda24988635271708-wrap avia-button-center  avia-builder-el-10  el_after_av_textblock  el_before_av_textblock '>\n<style type=\"text\/css\" data-created_by=\"avia_inline_auto\" id=\"style-css-av-m8q7eq8l-98398a1f25219d9bda24988635271708\">\n#top #wrap_all .avia-button.av-m8q7eq8l-98398a1f25219d9bda24988635271708{\nfont-size:22px;\nbackground-color:#01ccff;\nborder-color:#01ccff;\ncolor:#135589;\ntransition:all 0.4s ease-in-out;\n}\n#top #wrap_all .avia-button.av-m8q7eq8l-98398a1f25219d9bda24988635271708 .avia-svg-icon svg:first-child{\nfill:#135589;\nstroke:#135589;\n}\n\n@media only screen and (min-width: 990px){ \n#top #wrap_all .avia-button.av-m8q7eq8l-98398a1f25219d9bda24988635271708{\nfont-size:22px;\n}\n}\n\n@media only screen and (min-width: 768px) and (max-width: 989px){ \n#top #wrap_all .avia-button.av-m8q7eq8l-98398a1f25219d9bda24988635271708{\nfont-size:20px;\n}\n}\n\n@media only screen and (min-width: 480px) and (max-width: 767px){ \n#top #wrap_all .avia-button.av-m8q7eq8l-98398a1f25219d9bda24988635271708{\nfont-size:20px;\n}\n}\n\n@media only screen and (max-width: 479px){ \n#top #wrap_all .avia-button.av-m8q7eq8l-98398a1f25219d9bda24988635271708{\nfont-size:18px;\n}\n}\n<\/style>\n<a href='https:\/\/calendar.app.google\/8sYzdYNTsQg49L9n6'  class='avia-button av-m8q7eq8l-98398a1f25219d9bda24988635271708 av-link-btn avia-icon_select-no avia-size-x-large avia-position-center'  target=\"_blank\"  rel=\"noopener noreferrer\"  aria-label=\"R\u00e9servez un appel pour parler de votre projet\"><span class='avia_iconbox_title' >R\u00e9servez un appel pour parler de votre projet<\/span><\/a><\/div>\n\n<style type=\"text\/css\" data-created_by=\"avia_inline_auto\" id=\"style-css-av-av_textblock-28397ff4a0e3124243b65beb3b094161\">\n#top .av_textblock_section.av-av_textblock-28397ff4a0e3124243b65beb3b094161 .avia_textblock{\nfont-size:20px;\n}\n<\/style>\n<section  class='av_textblock_section av-av_textblock-28397ff4a0e3124243b65beb3b094161 '   itemscope=\"itemscope\" itemtype=\"https:\/\/schema.org\/CreativeWork\" ><div class='avia_textblock'  itemprop=\"text\" ><p style=\"text-align: center;\">Ou contactez-moi via ma <a href=\"https:\/\/keithbaddeley.com\/fr\/contact\/\">Page de contact<\/a>.<\/p>\n<\/div><\/section>\n\n","protected":false},"excerpt":{"rendered":"","protected":false},"author":1,"featured_media":0,"parent":0,"menu_order":60,"comment_status":"closed","ping_status":"closed","template":"","meta":{"footnotes":""},"class_list":["post-5502","page","type-page","status-publish","hentry"],"yoast_head":"<!-- This site is optimized with the Yoast SEO plugin v27.3 - https:\/\/yoast.com\/product\/yoast-seo-wordpress\/ -->\n<title>Portfolio Communication Cybers\u00e9curit\u00e9 | Keith Baddeley<\/title>\n<meta name=\"description\" content=\"D\u00e9couvrez comment je transforme vos contenus complexes en communication claire en anglais pour maximiser votre impact \u00e0 l&#039;international.\" \/>\n<meta name=\"robots\" content=\"index, follow, max-snippet:-1, max-image-preview:large, max-video-preview:-1\" \/>\n<link rel=\"canonical\" href=\"https:\/\/keithbaddeley.com\/fr\/portfolio\/\" \/>\n<meta property=\"og:locale\" content=\"fr_FR\" \/>\n<meta property=\"og:type\" content=\"article\" \/>\n<meta property=\"og:title\" content=\"English Technical and Business Translation for the IT Industry\" \/>\n<meta property=\"og:description\" content=\"English technical and business translation services for the IT industry. Specialist in information technology and business communication.\" \/>\n<meta property=\"og:url\" content=\"https:\/\/keithbaddeley.com\/fr\/portfolio\/\" \/>\n<meta property=\"og:site_name\" content=\"Traduction technique et commerciale en anglais pour le secteur TI\" \/>\n<meta property=\"article:modified_time\" content=\"2025-03-27T17:11:15+00:00\" \/>\n<meta name=\"twitter:card\" content=\"summary_large_image\" \/>\n<meta name=\"twitter:title\" content=\"English Technical and Business Translation for the IT Industry\" \/>\n<meta name=\"twitter:description\" content=\"English technical and business translation services for the IT industry. Specialist in information technology and business communication.\" \/>\n<meta name=\"twitter:label1\" content=\"Dur\u00e9e de lecture estim\u00e9e\" \/>\n\t<meta name=\"twitter:data1\" content=\"1 minute\" \/>\n<script type=\"application\/ld+json\" class=\"yoast-schema-graph\">{\"@context\":\"https:\\\/\\\/schema.org\",\"@graph\":[{\"@type\":\"WebPage\",\"@id\":\"https:\\\/\\\/keithbaddeley.com\\\/fr\\\/portfolio\\\/\",\"url\":\"https:\\\/\\\/keithbaddeley.com\\\/fr\\\/portfolio\\\/\",\"name\":\"Portfolio Communication Cybers\u00e9curit\u00e9 | Keith Baddeley\",\"isPartOf\":{\"@id\":\"https:\\\/\\\/keithbaddeley.com\\\/fr\\\/#website\"},\"datePublished\":\"2025-03-26T17:25:44+00:00\",\"dateModified\":\"2025-03-27T17:11:15+00:00\",\"description\":\"D\u00e9couvrez comment je transforme vos contenus complexes en communication claire en anglais pour maximiser votre impact \u00e0 l'international.\",\"breadcrumb\":{\"@id\":\"https:\\\/\\\/keithbaddeley.com\\\/fr\\\/portfolio\\\/#breadcrumb\"},\"inLanguage\":\"fr-FR\",\"potentialAction\":[{\"@type\":\"ReadAction\",\"target\":[\"https:\\\/\\\/keithbaddeley.com\\\/fr\\\/portfolio\\\/\"]}]},{\"@type\":\"BreadcrumbList\",\"@id\":\"https:\\\/\\\/keithbaddeley.com\\\/fr\\\/portfolio\\\/#breadcrumb\",\"itemListElement\":[{\"@type\":\"ListItem\",\"position\":1,\"name\":\"Home\",\"item\":\"https:\\\/\\\/keithbaddeley.com\\\/fr\\\/accueil\\\/\"},{\"@type\":\"ListItem\",\"position\":2,\"name\":\"Portfolio\"}]},{\"@type\":\"WebSite\",\"@id\":\"https:\\\/\\\/keithbaddeley.com\\\/fr\\\/#website\",\"url\":\"https:\\\/\\\/keithbaddeley.com\\\/fr\\\/\",\"name\":\"English Technical and Business Translation for the IT Industry\",\"description\":\"Traduction technique et commerciale vers l\u2019anglais pour le secteur TI. Sp\u00e9cialiste de l\u2019informatique et de la communication d\u2019entreprise.\",\"publisher\":{\"@id\":\"https:\\\/\\\/keithbaddeley.com\\\/fr\\\/#organization\"},\"potentialAction\":[{\"@type\":\"SearchAction\",\"target\":{\"@type\":\"EntryPoint\",\"urlTemplate\":\"https:\\\/\\\/keithbaddeley.com\\\/fr\\\/?s={search_term_string}\"},\"query-input\":{\"@type\":\"PropertyValueSpecification\",\"valueRequired\":true,\"valueName\":\"search_term_string\"}}],\"inLanguage\":\"fr-FR\"},{\"@type\":\"Organization\",\"@id\":\"https:\\\/\\\/keithbaddeley.com\\\/fr\\\/#organization\",\"name\":\"Keith Baddeley\",\"url\":\"https:\\\/\\\/keithbaddeley.com\\\/fr\\\/\",\"logo\":{\"@type\":\"ImageObject\",\"inLanguage\":\"fr-FR\",\"@id\":\"https:\\\/\\\/keithbaddeley.com\\\/fr\\\/#\\\/schema\\\/logo\\\/image\\\/\",\"url\":\"https:\\\/\\\/keithbaddeley.com\\\/wp-content\\\/uploads\\\/2023\\\/03\\\/KBT_Logo_Blue2584bf.jpg\",\"contentUrl\":\"https:\\\/\\\/keithbaddeley.com\\\/wp-content\\\/uploads\\\/2023\\\/03\\\/KBT_Logo_Blue2584bf.jpg\",\"width\":1360,\"height\":358,\"caption\":\"Keith Baddeley\"},\"image\":{\"@id\":\"https:\\\/\\\/keithbaddeley.com\\\/fr\\\/#\\\/schema\\\/logo\\\/image\\\/\"}}]}<\/script>\n<!-- \/ Yoast SEO plugin. -->","yoast_head_json":{"title":"Portfolio Communication Cybers\u00e9curit\u00e9 | Keith Baddeley","description":"D\u00e9couvrez comment je transforme vos contenus complexes en communication claire en anglais pour maximiser votre impact \u00e0 l'international.","robots":{"index":"index","follow":"follow","max-snippet":"max-snippet:-1","max-image-preview":"max-image-preview:large","max-video-preview":"max-video-preview:-1"},"canonical":"https:\/\/keithbaddeley.com\/fr\/portfolio\/","og_locale":"fr_FR","og_type":"article","og_title":"English Technical and Business Translation for the IT Industry","og_description":"English technical and business translation services for the IT industry. Specialist in information technology and business communication.","og_url":"https:\/\/keithbaddeley.com\/fr\/portfolio\/","og_site_name":"Traduction technique et commerciale en anglais pour le secteur TI","article_modified_time":"2025-03-27T17:11:15+00:00","twitter_card":"summary_large_image","twitter_title":"English Technical and Business Translation for the IT Industry","twitter_description":"English technical and business translation services for the IT industry. Specialist in information technology and business communication.","twitter_misc":{"Dur\u00e9e de lecture estim\u00e9e":"1 minute"},"schema":{"@context":"https:\/\/schema.org","@graph":[{"@type":"WebPage","@id":"https:\/\/keithbaddeley.com\/fr\/portfolio\/","url":"https:\/\/keithbaddeley.com\/fr\/portfolio\/","name":"Portfolio Communication Cybers\u00e9curit\u00e9 | Keith Baddeley","isPartOf":{"@id":"https:\/\/keithbaddeley.com\/fr\/#website"},"datePublished":"2025-03-26T17:25:44+00:00","dateModified":"2025-03-27T17:11:15+00:00","description":"D\u00e9couvrez comment je transforme vos contenus complexes en communication claire en anglais pour maximiser votre impact \u00e0 l'international.","breadcrumb":{"@id":"https:\/\/keithbaddeley.com\/fr\/portfolio\/#breadcrumb"},"inLanguage":"fr-FR","potentialAction":[{"@type":"ReadAction","target":["https:\/\/keithbaddeley.com\/fr\/portfolio\/"]}]},{"@type":"BreadcrumbList","@id":"https:\/\/keithbaddeley.com\/fr\/portfolio\/#breadcrumb","itemListElement":[{"@type":"ListItem","position":1,"name":"Home","item":"https:\/\/keithbaddeley.com\/fr\/accueil\/"},{"@type":"ListItem","position":2,"name":"Portfolio"}]},{"@type":"WebSite","@id":"https:\/\/keithbaddeley.com\/fr\/#website","url":"https:\/\/keithbaddeley.com\/fr\/","name":"English Technical and Business Translation for the IT Industry","description":"Traduction technique et commerciale vers l\u2019anglais pour le secteur TI. Sp\u00e9cialiste de l\u2019informatique et de la communication d\u2019entreprise.","publisher":{"@id":"https:\/\/keithbaddeley.com\/fr\/#organization"},"potentialAction":[{"@type":"SearchAction","target":{"@type":"EntryPoint","urlTemplate":"https:\/\/keithbaddeley.com\/fr\/?s={search_term_string}"},"query-input":{"@type":"PropertyValueSpecification","valueRequired":true,"valueName":"search_term_string"}}],"inLanguage":"fr-FR"},{"@type":"Organization","@id":"https:\/\/keithbaddeley.com\/fr\/#organization","name":"Keith Baddeley","url":"https:\/\/keithbaddeley.com\/fr\/","logo":{"@type":"ImageObject","inLanguage":"fr-FR","@id":"https:\/\/keithbaddeley.com\/fr\/#\/schema\/logo\/image\/","url":"https:\/\/keithbaddeley.com\/wp-content\/uploads\/2023\/03\/KBT_Logo_Blue2584bf.jpg","contentUrl":"https:\/\/keithbaddeley.com\/wp-content\/uploads\/2023\/03\/KBT_Logo_Blue2584bf.jpg","width":1360,"height":358,"caption":"Keith Baddeley"},"image":{"@id":"https:\/\/keithbaddeley.com\/fr\/#\/schema\/logo\/image\/"}}]}},"_links":{"self":[{"href":"https:\/\/keithbaddeley.com\/fr\/wp-json\/wp\/v2\/pages\/5502","targetHints":{"allow":["GET"]}}],"collection":[{"href":"https:\/\/keithbaddeley.com\/fr\/wp-json\/wp\/v2\/pages"}],"about":[{"href":"https:\/\/keithbaddeley.com\/fr\/wp-json\/wp\/v2\/types\/page"}],"author":[{"embeddable":true,"href":"https:\/\/keithbaddeley.com\/fr\/wp-json\/wp\/v2\/users\/1"}],"replies":[{"embeddable":true,"href":"https:\/\/keithbaddeley.com\/fr\/wp-json\/wp\/v2\/comments?post=5502"}],"version-history":[{"count":13,"href":"https:\/\/keithbaddeley.com\/fr\/wp-json\/wp\/v2\/pages\/5502\/revisions"}],"predecessor-version":[{"id":5641,"href":"https:\/\/keithbaddeley.com\/fr\/wp-json\/wp\/v2\/pages\/5502\/revisions\/5641"}],"wp:attachment":[{"href":"https:\/\/keithbaddeley.com\/fr\/wp-json\/wp\/v2\/media?parent=5502"}],"curies":[{"name":"wp","href":"https:\/\/api.w.org\/{rel}","templated":true}]}}