{"id":998,"date":"2018-07-08T16:41:18","date_gmt":"2018-07-08T14:41:18","guid":{"rendered":"https:\/\/keithbaddeley.com\/legal-notice\/"},"modified":"2024-10-10T17:38:10","modified_gmt":"2024-10-10T15:38:10","slug":"mentions-legales","status":"publish","type":"page","link":"https:\/\/keithbaddeley.com\/fr\/mentions-legales\/","title":{"rendered":"Mentions l\u00e9gales et conditions g\u00e9n\u00e9rales d&rsquo;utilisation"},"content":{"rendered":"\n<style type=\"text\/css\" data-created_by=\"avia_inline_auto\" id=\"style-css-av-jiud4tx5-a306633f92c169febae360c55668a66d\">\n.avia-section.av-jiud4tx5-a306633f92c169febae360c55668a66d{\nbackground-color:#4277a0;\nbackground-image:unset;\n}\n<\/style>\n<div id='av_section_1'  class='avia-section av-jiud4tx5-a306633f92c169febae360c55668a66d main_color avia-section-default avia-no-border-styling  avia-builder-el-0  el_before_av_textblock  avia-builder-el-first  avia-bg-style-scroll av-minimum-height av-minimum-height-25 av-height-25  container_wrap fullsize'   data-av_minimum_height_pc='25' data-av_min_height_opt='25'><div class='container av-section-cont-open' ><main  role=\"main\" itemprop=\"mainContentOfPage\"  class='template-page content  av-content-full alpha units'><div class='post-entry post-entry-type-page post-entry-998'><div class='entry-content-wrapper clearfix'>\n\n<style type=\"text\/css\" data-created_by=\"avia_inline_auto\" id=\"style-css-av-kb5giyzd-ae2b632db58c0157bccfafd1fb6aca2d\">\n#top .av-special-heading.av-kb5giyzd-ae2b632db58c0157bccfafd1fb6aca2d{\npadding-bottom:10px;\ncolor:#ffffff;\nfont-size:50px;\n}\nbody .av-special-heading.av-kb5giyzd-ae2b632db58c0157bccfafd1fb6aca2d .av-special-heading-tag .heading-char{\nfont-size:25px;\n}\n#top #wrap_all .av-special-heading.av-kb5giyzd-ae2b632db58c0157bccfafd1fb6aca2d .av-special-heading-tag{\nfont-size:50px;\n}\n.av-special-heading.av-kb5giyzd-ae2b632db58c0157bccfafd1fb6aca2d .special-heading-inner-border{\nborder-color:#ffffff;\n}\n.av-special-heading.av-kb5giyzd-ae2b632db58c0157bccfafd1fb6aca2d .av-subheading{\nfont-size:26px;\n}\n\n@media only screen and (min-width: 480px) and (max-width: 767px){ \n#top #wrap_all .av-special-heading.av-kb5giyzd-ae2b632db58c0157bccfafd1fb6aca2d .av-special-heading-tag{\nfont-size:0.8em;\n}\n}\n\n@media only screen and (max-width: 479px){ \n#top #wrap_all .av-special-heading.av-kb5giyzd-ae2b632db58c0157bccfafd1fb6aca2d .av-special-heading-tag{\nfont-size:0.8em;\n}\n}\n<\/style>\n<div  class='av-special-heading av-kb5giyzd-ae2b632db58c0157bccfafd1fb6aca2d av-special-heading-h1 custom-color-heading blockquote modern-quote  avia-builder-el-1  avia-builder-el-no-sibling  av-inherit-size av-linked-heading'><h1 class='av-special-heading-tag '  itemprop=\"headline\"  >Mentions l\u00e9gales et conditions g\u00e9n\u00e9rales d\u2019utilisation<\/h1><div class=\"special-heading-border\"><div class=\"special-heading-inner-border\"><\/div><\/div><\/div>\n<\/div><\/div><\/main><!-- close content main element --><\/div><\/div><div id='after_section_1'  class='main_color av_default_container_wrap container_wrap fullsize'  ><div class='container av-section-cont-open' ><div class='template-page content  av-content-full alpha units'><div class='post-entry post-entry-type-page post-entry-998'><div class='entry-content-wrapper clearfix'>\n<section  class='av_textblock_section av-jkjo67jl-bc59b15b9b0c770baff5b047a1527b45 '   itemscope=\"itemscope\" itemtype=\"https:\/\/schema.org\/CreativeWork\" ><div class='avia_textblock'  itemprop=\"text\" ><p>En vertu de l\u2019article 10 de la Loi espagnole 34\/2002, du 11 juillet, relative aux Services de la soci\u00e9t\u00e9 de l\u2019information et du commerce \u00e9lectronique (LSSICE), Keith Baddeley (ci-apr\u00e8s, KEITH BADDELEY), en tant qu\u2019\u00e9diteur de ce site Internet, met \u00e0 disposition des utilisateurs la pr\u00e9sente information charg\u00e9e de d\u00e9finir les conditions g\u00e9n\u00e9rales d\u2019utilisation.<\/p>\n<p>Outre les contenus pr\u00e9sents ici, les aspects sp\u00e9cifiques li\u00e9s \u00e0 la protection des donn\u00e9es personnelles et \u00e0 la confidentialit\u00e9 des utilisateurs de ce site Internet sont d\u00e9velopp\u00e9s dans les pages de <a href=\"https:\/\/keithbaddeley.com\/fr\/confidentialite\/\" target=\"_blank\" rel=\"noopener noreferrer\">Politique de confidentialit\u00e9<\/a> et\u00a0<a href=\"https:\/\/keithbaddeley.com\/fr\/cookies\/\" target=\"_blank\" rel=\"noopener noreferrer\">Politique de cookies<\/a>.<\/p>\n<h2><strong><span lang=\"FR\">Identit\u00e9 du responsable du traitement<\/span><\/strong><\/h2>\n<ul>\n<li><strong>Nom de l\u2019entreprise <\/strong>: Keith Baddeley<\/li>\n<li><strong>Nom commercial <\/strong>: Keith Baddeley Translations<\/li>\n<li><strong><b><span lang=\"FR\">Num\u00e9ro d\u2019identification fiscale (<\/span><\/b>NIE)<\/strong> : Y4992221Q<\/li>\n<li><strong>Si\u00e8ge social <\/strong>: Paraje La Mujer 32, Finca Fortuna, 29788, Frigiliana (Malaga), Espagne<\/li>\n<li><strong>Adresse postale <\/strong><strong>:<\/strong> El Zoco de Nerja Box 22, 29780, Nerja (Malaga), Espagne<\/li>\n<li><strong>Activit\u00e9 <\/strong>: Traduction<\/li>\n<li><strong>T\u00e9l\u00e9phone <\/strong>: (+34) 675 993 887<\/li>\n<li><strong>E-mail <\/strong>: <a href=\"mailto:keith@keithbaddeley.com\">keith@keithbaddeley.com<\/a><\/li>\n<li><strong>Formulaire de contact <\/strong>: <a href=\"https:\/\/keithbaddeley.com\/fr\/contact\/\" target=\"_blank\" rel=\"noopener\">https:\/\/keithbaddeley.com\/fr\/contact\/<\/a><\/li>\n<li><strong>Nom de domaine <\/strong>: <a href=\"https:\/\/keithbaddeley.com\/fr\/\" target=\"_blank\" rel=\"noopener\">https:\/\/keithbaddeley.com\/fr\/<\/a><\/li>\n<\/ul>\n<h2><strong><span lang=\"FR\">Finalit\u00e9 du site Internet<\/span><\/strong><\/h2>\n<p><span lang=\"FR\">Le site Internet de KEITH BADDELEY a pour but d\u2019informer les clients et les prospects, sur les produits et\/ou services, les coordonn\u00e9es, la localisation, etc. Le cas \u00e9ch\u00e9ant, elle aura \u00e9galement pour but de diffuser toute information li\u00e9e au secteur d\u2019activit\u00e9 de l\u2019\u00e9diteur.<\/span><\/p>\n<h2><strong>Cadre l\u00e9gislatif<\/strong><\/h2>\n<p>L\u2019activit\u00e9 du site Internet est r\u00e9gie par les droits espagnol et europ\u00e9en, et notamment par les textes suivants :<\/p>\n<ul>\n<li>R\u00e8glement g\u00e9n\u00e9ral sur la protection des donn\u00e9es (RGPD) (UE) 2016\/679, du 27 avril, r\u00e8glementant le traitement des donn\u00e9es personnelles dans tous les \u00c9tats membres de l\u2019Union europ\u00e9enne.<\/li>\n<li>Loi organique espagnole 3\/2018, du 5 d\u00e9cembre, sur la protection des donn\u00e9es personnelles et la garantie des droits num\u00e9riques (LOPD et GDD), normes r\u00e9gionales (s\u2019appliquant \u00e0 l\u2019Espagne), qui d\u00e9finit et d\u00e9veloppe de nombreux concepts et droits cit\u00e9s dans le RGPD.<\/li>\n<li>Loi espagnole 34\/2002, du 11 juillet, relative aux services de la soci\u00e9t\u00e9 de l\u2019information et du commerce \u00e9lectronique (LSSICE), norme concern\u00e9e par les sites Internet qui, d\u2019une mani\u00e8re ou d\u2019une autre, r\u00e9alisent une activit\u00e9 \u00e9conomique via les moyens \u00e9lectroniques, comme c\u2019est le cas de ce site.<\/li>\n<\/ul>\n<h2><strong><span lang=\"FR\">Conditions g\u00e9n\u00e9rales d\u2019utilisation et responsabilit\u00e9<\/span><\/strong><\/h2>\n<p>Toute personne ayant acc\u00e8s \u00e0 ce site Internet est qualifi\u00e9e d\u2019utilisateur et s\u2019engage \u00e0 observer et \u00e0 respecter les conditions qui sont mentionn\u00e9es ainsi que les autres dispositions l\u00e9gales en vigueur \u00e0 ce titre. KEITH BADDELEY ne saurait \u00eatre tenu responsable des dommages, subis ou caus\u00e9s aux tiers, d\u00e9rivant de l\u2019utilisation de ce site Internet par l\u2019utilisateur.<\/p>\n<p>KEITH BADDELEY permet l\u2019acc\u00e8s aux articles, informations, services et donn\u00e9es lui appartenant ou de tiers, \u00e9labor\u00e9s \u00e0 des fins d\u2019information ou de diffusion. Ceux-ci peuvent ne pas correspondre \u00e0 la l\u00e9gislation ou la jurisprudence actuelle et se r\u00e9f\u00e8rent \u00e0 des cas d\u2019ordre g\u00e9n\u00e9ral, leur contenu ne devant donc pas n\u00e9cessairement \u00eatre appliqu\u00e9 par l\u2019utilisateur \u00e0 des fins concr\u00e8tes. Le contenu de ce site Internet ne peut par cons\u00e9quent et, en aucun cas, faire office de conseil juridique.<\/p>\n<p>KEITH BADDELEY se r\u00e9serve le droit de modifier l\u2019information, quelle qu\u2019elle soit, pr\u00e9sente sur son site, \u00e0 tout moment et sans pr\u00e9avis. L\u2019obligation de pr\u00e9avis ou de communication aux utilisateurs n\u2019est pas obligatoire et la simple publication sur le site Internet est consid\u00e9r\u00e9e comme suffisante.<\/p>\n<p>Ce site Internet a \u00e9t\u00e9 r\u00e9vis\u00e9 et test\u00e9 afin de garantir un fonctionnement normal et de mani\u00e8re ininterrompue. Toutefois, KEITH BADDELEY ne peut garantir que le site soit exempt de certaines erreurs de programmation, manque de disponibilit\u00e9 ponctuelle (par exemple, pannes de serveur ou maintenance) ou de la survenance de cas de force majeure, catastrophes naturelles, gr\u00e8ves ou \u00e9v\u00e9nements assimil\u00e9s qui rendraient impossible l\u2019acc\u00e8s temporaire au site Internet. De m\u00eame, KEITH BADDELEY ne peut garantir le fonctionnement normal ou sans erreurs de ce site Internet et ne saurait \u00eatre tenu responsable des virus ayant leur origine dans une transmission d\u00e9mat\u00e9rialis\u00e9e de donn\u00e9es par des tiers, cr\u00e9\u00e9s dans l\u2019intention de nuire aux outils informatiques.<\/p>\n<p>L\u2019utilisateur s\u2019engage \u00e0 ne pas faire usage de ce site Internet et, le cas \u00e9ch\u00e9ant, des services ou des produits y \u00e9tant offerts, pour r\u00e9aliser des activit\u00e9s contraires \u00e0 la loi, \u00e0 l\u2019ordre public ou aux pr\u00e9sentes conditions g\u00e9n\u00e9rales d\u2019utilisation. Par cons\u00e9quent, KEITH BADDELEY <strong>ne peut \u00eatre en aucun cas tenu responsable de l\u2019information et des contenus stock\u00e9s, y compris mais sans s\u2019y limiter, sur les forums, chats, cr\u00e9ateurs de blogs, commentaires, r\u00e9seaux sociaux ou autres moyens permettant \u00e0 des tiers de publier des contenus. Cependant, et au sens des articles 11 et 16 de la LSSICE<\/strong><strong>, <\/strong>KEITH BADDELEY <strong>se met \u00e0 la disposition de tous les utilisateurs, des autorit\u00e9s et des forces de s\u00e9curit\u00e9, et apportera activement sa collaboration afin de proc\u00e9der au retrait ou au blocage, le cas \u00e9ch\u00e9ant, de tous les contenus susceptibles de porter atteinte ou d\u2019enfreindre la l\u00e9gislation nationale ou internationale, les droits de tierces personnes ou encore la morale ou l\u2019ordre public. Si un utilisateur consid\u00e8re qu\u2019un contenu pr\u00e9sent sur le site peut \u00eatre susceptible d\u2019une telle qualification, il est invit\u00e9 \u00e0 en faire part imm\u00e9diatement \u00e0 KEITH BADDELEY.<\/strong><\/p>\n<p>KEITH BADDELEY se r\u00e9serve le droit de refuser ou retirer l\u2019acc\u00e8s au site sans pr\u00e9avis, \u00e0 sa propre demande ou celle d\u2019un tiers, aux utilisateurs qui n\u2019auraient pas respect\u00e9 les conditions g\u00e9n\u00e9rales d\u2019utilisation de ce site Internet.<\/p>\n<h2><strong>Propri\u00e9t\u00e9 intellectuelle<\/strong><\/h2>\n<p>Le site Internet, y compris mais sans s\u2019y limiter, la programmation, l\u2019\u00e9dition, la compilation ou autres \u00e9l\u00e9ments n\u00e9cessaires \u00e0 son fonctionnement, les designs, logos, textes et \/ ou graphiques sont la propri\u00e9t\u00e9 de KEITH BADDELEY ou, le cas \u00e9ch\u00e9ant, b\u00e9n\u00e9ficient d\u2019un permis ou d\u2019une autorisation d\u2019utilisation expresse \u00e9manant de leurs auteurs.<\/p>\n<p>Tous les contenus du site Internet font l\u2019objet d\u2019une protection par le code de propri\u00e9t\u00e9 intellectuelle et industriel espagnol et ont \u00e9t\u00e9 enregistr\u00e9s aux registres publics comp\u00e9tents. Toute reproduction et \/ ou publication, totale ou partielle, du site Internet, son traitement automatis\u00e9, sa distribution, diffusion, modification ou transformation, sans l\u2019autorisation pr\u00e9alable et par \u00e9crit de celui-ci, est interdite. KEITH BADDELEY veillera au respect des pr\u00e9c\u00e9dentes conditions et \u00e0 la bonne utilisation des contenus pr\u00e9sents sur son site, en engageant toutes les poursuites civiles et p\u00e9nales pertinentes en cas d\u2019infraction ou de violation de ces droits par l\u2019utilisateur.<\/p>\n<p>Les designs, logos, textes et \/ ou graphiques provenant d\u2019autres sources que KEITH BADDELEY et pr\u00e9sents sur son site Internet, appartiennent \u00e0 leurs propri\u00e9taires respectifs, qui sont seuls responsables en cas de litige n\u00e9 du site Internet. Quoi qu\u2019il en soit, KEITH BADDELEY b\u00e9n\u00e9ficie de leur autorisation expresse et pr\u00e9alable. KEITH BADDELEY reconna\u00eet \u00e0 leurs titulaires les droits correspondants de propri\u00e9t\u00e9 industrielle et intellectuelle, leur seule mention ou apparition sur le site Internet n\u2019impliquant aucunement l\u2019existence de droits ou d\u2019une quelconque responsabilit\u00e9 sur ceux-ci, ni garantie, parrainage ou recommandation de la part de l\u2019\u00e9diteur.<\/p>\n<h2><strong>Liens hypertextes<\/strong><\/h2>\n<p>KEITH BADDELEY peut mettre \u00e0 disposition de l\u2019utilisateur, des liens ou autres \u00e9l\u00e9ments permettant l\u2019acc\u00e8s \u00e0 d\u2019autres sites appartenant \u00e0 des tiers. KEITH BADDELEY ne commercialise pas les produits et \/ ou services de sites ext\u00e9rieurs et ne saurait \u00eatre tenu responsable de ces pages, de leur contenu, leur exactitude ou leur lic\u00e9it\u00e9, ou des effets qui pourraient en r\u00e9sulter.<\/p>\n<p>Quoi qu\u2019il en soit, KEITH BADDELEY s\u2019engage \u00e0 retirer imm\u00e9diatement tout contenu qui serait contraire \u00e0 la l\u00e9gislation nationale ou internationale, \u00e0 la morale ou \u00e0 l\u2019ordre public, en retirant sur-le-champ la redirection vers ce site et en communiquant le contenu concern\u00e9 aux autorit\u00e9s comp\u00e9tentes.<\/p>\n<h2><strong>Droit applicable et juridiction comp\u00e9tente<\/strong><\/h2>\n<p>La l\u00e9gislation espagnole, \u00e0 laquelle les parties accordent de se soumettre, s\u2019applique \u00e0 l\u2019ensemble des aspects de la relation entre \u00e9diteur et utilisateur. La langue de r\u00e9daction et d\u2019interpr\u00e9tation des pr\u00e9sentes mentions l\u00e9gales est l\u2019espagnol. Pour la r\u00e9solution des litiges et diff\u00e9rends n\u00e9s du site Internet ou des activit\u00e9s qui y sont propos\u00e9es, KEITH BADDELEY et l\u2019utilisateur sont convenus de se soumettre aux cours et aux tribunaux du domicile de l\u2019utilisateur.<\/p>\n<\/div><\/section>\n","protected":false},"excerpt":{"rendered":"","protected":false},"author":1,"featured_media":0,"parent":0,"menu_order":100,"comment_status":"closed","ping_status":"closed","template":"","meta":{"footnotes":""},"class_list":["post-998","page","type-page","status-publish","hentry"],"yoast_head":"<!-- This site is optimized with the Yoast SEO plugin v27.4 - https:\/\/yoast.com\/product\/yoast-seo-wordpress\/ -->\n<title>Mentions l\u00e9gales et conditions g\u00e9n\u00e9rales d&#039;utilisation<\/title>\n<meta name=\"robots\" content=\"noindex, follow\" \/>\n<meta property=\"og:locale\" content=\"fr_FR\" \/>\n<meta property=\"og:type\" content=\"article\" \/>\n<meta property=\"og:title\" content=\"Mentions l\u00e9gales et conditions g\u00e9n\u00e9rales d&#039;utilisation\" \/>\n<meta property=\"og:url\" content=\"https:\/\/keithbaddeley.com\/fr\/mentions-legales\/\" \/>\n<meta property=\"og:site_name\" content=\"Traduction technique et commerciale en anglais pour le secteur TI\" \/>\n<meta property=\"article:modified_time\" content=\"2024-10-10T15:38:10+00:00\" \/>\n<meta name=\"twitter:card\" content=\"summary_large_image\" \/>\n<meta name=\"twitter:label1\" content=\"Dur\u00e9e de lecture estim\u00e9e\" \/>\n\t<meta name=\"twitter:data1\" content=\"6 minutes\" \/>\n<script type=\"application\/ld+json\" class=\"yoast-schema-graph\">{\"@context\":\"https:\\\/\\\/schema.org\",\"@graph\":[{\"@type\":\"WebPage\",\"@id\":\"https:\\\/\\\/keithbaddeley.com\\\/fr\\\/mentions-legales\\\/\",\"url\":\"https:\\\/\\\/keithbaddeley.com\\\/fr\\\/mentions-legales\\\/\",\"name\":\"Mentions l\u00e9gales et conditions g\u00e9n\u00e9rales d'utilisation\",\"isPartOf\":{\"@id\":\"https:\\\/\\\/keithbaddeley.com\\\/fr\\\/#website\"},\"datePublished\":\"2018-07-08T14:41:18+00:00\",\"dateModified\":\"2024-10-10T15:38:10+00:00\",\"breadcrumb\":{\"@id\":\"https:\\\/\\\/keithbaddeley.com\\\/fr\\\/mentions-legales\\\/#breadcrumb\"},\"inLanguage\":\"fr-FR\",\"potentialAction\":[{\"@type\":\"ReadAction\",\"target\":[\"https:\\\/\\\/keithbaddeley.com\\\/fr\\\/mentions-legales\\\/\"]}]},{\"@type\":\"BreadcrumbList\",\"@id\":\"https:\\\/\\\/keithbaddeley.com\\\/fr\\\/mentions-legales\\\/#breadcrumb\",\"itemListElement\":[{\"@type\":\"ListItem\",\"position\":1,\"name\":\"Home\",\"item\":\"https:\\\/\\\/keithbaddeley.com\\\/fr\\\/accueil\\\/\"},{\"@type\":\"ListItem\",\"position\":2,\"name\":\"Mentions l\u00e9gales et conditions g\u00e9n\u00e9rales d&#8217;utilisation\"}]},{\"@type\":\"WebSite\",\"@id\":\"https:\\\/\\\/keithbaddeley.com\\\/fr\\\/#website\",\"url\":\"https:\\\/\\\/keithbaddeley.com\\\/fr\\\/\",\"name\":\"English Technical and Business Translation for the IT Industry\",\"description\":\"Traduction technique et commerciale vers l\u2019anglais pour le secteur TI. Sp\u00e9cialiste de l\u2019informatique et de la communication d\u2019entreprise.\",\"publisher\":{\"@id\":\"https:\\\/\\\/keithbaddeley.com\\\/fr\\\/#organization\"},\"potentialAction\":[{\"@type\":\"SearchAction\",\"target\":{\"@type\":\"EntryPoint\",\"urlTemplate\":\"https:\\\/\\\/keithbaddeley.com\\\/fr\\\/?s={search_term_string}\"},\"query-input\":{\"@type\":\"PropertyValueSpecification\",\"valueRequired\":true,\"valueName\":\"search_term_string\"}}],\"inLanguage\":\"fr-FR\"},{\"@type\":\"Organization\",\"@id\":\"https:\\\/\\\/keithbaddeley.com\\\/fr\\\/#organization\",\"name\":\"Keith Baddeley\",\"url\":\"https:\\\/\\\/keithbaddeley.com\\\/fr\\\/\",\"logo\":{\"@type\":\"ImageObject\",\"inLanguage\":\"fr-FR\",\"@id\":\"https:\\\/\\\/keithbaddeley.com\\\/fr\\\/#\\\/schema\\\/logo\\\/image\\\/\",\"url\":\"https:\\\/\\\/keithbaddeley.com\\\/wp-content\\\/uploads\\\/2023\\\/03\\\/KBT_Logo_Blue2584bf.jpg\",\"contentUrl\":\"https:\\\/\\\/keithbaddeley.com\\\/wp-content\\\/uploads\\\/2023\\\/03\\\/KBT_Logo_Blue2584bf.jpg\",\"width\":1360,\"height\":358,\"caption\":\"Keith Baddeley\"},\"image\":{\"@id\":\"https:\\\/\\\/keithbaddeley.com\\\/fr\\\/#\\\/schema\\\/logo\\\/image\\\/\"}}]}<\/script>\n<!-- \/ Yoast SEO plugin. -->","yoast_head_json":{"title":"Mentions l\u00e9gales et conditions g\u00e9n\u00e9rales d'utilisation","robots":{"index":"noindex","follow":"follow"},"og_locale":"fr_FR","og_type":"article","og_title":"Mentions l\u00e9gales et conditions g\u00e9n\u00e9rales d'utilisation","og_url":"https:\/\/keithbaddeley.com\/fr\/mentions-legales\/","og_site_name":"Traduction technique et commerciale en anglais pour le secteur TI","article_modified_time":"2024-10-10T15:38:10+00:00","twitter_card":"summary_large_image","twitter_misc":{"Dur\u00e9e de lecture estim\u00e9e":"6 minutes"},"schema":{"@context":"https:\/\/schema.org","@graph":[{"@type":"WebPage","@id":"https:\/\/keithbaddeley.com\/fr\/mentions-legales\/","url":"https:\/\/keithbaddeley.com\/fr\/mentions-legales\/","name":"Mentions l\u00e9gales et conditions g\u00e9n\u00e9rales d'utilisation","isPartOf":{"@id":"https:\/\/keithbaddeley.com\/fr\/#website"},"datePublished":"2018-07-08T14:41:18+00:00","dateModified":"2024-10-10T15:38:10+00:00","breadcrumb":{"@id":"https:\/\/keithbaddeley.com\/fr\/mentions-legales\/#breadcrumb"},"inLanguage":"fr-FR","potentialAction":[{"@type":"ReadAction","target":["https:\/\/keithbaddeley.com\/fr\/mentions-legales\/"]}]},{"@type":"BreadcrumbList","@id":"https:\/\/keithbaddeley.com\/fr\/mentions-legales\/#breadcrumb","itemListElement":[{"@type":"ListItem","position":1,"name":"Home","item":"https:\/\/keithbaddeley.com\/fr\/accueil\/"},{"@type":"ListItem","position":2,"name":"Mentions l\u00e9gales et conditions g\u00e9n\u00e9rales d&#8217;utilisation"}]},{"@type":"WebSite","@id":"https:\/\/keithbaddeley.com\/fr\/#website","url":"https:\/\/keithbaddeley.com\/fr\/","name":"English Technical and Business Translation for the IT Industry","description":"Traduction technique et commerciale vers l\u2019anglais pour le secteur TI. Sp\u00e9cialiste de l\u2019informatique et de la communication d\u2019entreprise.","publisher":{"@id":"https:\/\/keithbaddeley.com\/fr\/#organization"},"potentialAction":[{"@type":"SearchAction","target":{"@type":"EntryPoint","urlTemplate":"https:\/\/keithbaddeley.com\/fr\/?s={search_term_string}"},"query-input":{"@type":"PropertyValueSpecification","valueRequired":true,"valueName":"search_term_string"}}],"inLanguage":"fr-FR"},{"@type":"Organization","@id":"https:\/\/keithbaddeley.com\/fr\/#organization","name":"Keith Baddeley","url":"https:\/\/keithbaddeley.com\/fr\/","logo":{"@type":"ImageObject","inLanguage":"fr-FR","@id":"https:\/\/keithbaddeley.com\/fr\/#\/schema\/logo\/image\/","url":"https:\/\/keithbaddeley.com\/wp-content\/uploads\/2023\/03\/KBT_Logo_Blue2584bf.jpg","contentUrl":"https:\/\/keithbaddeley.com\/wp-content\/uploads\/2023\/03\/KBT_Logo_Blue2584bf.jpg","width":1360,"height":358,"caption":"Keith Baddeley"},"image":{"@id":"https:\/\/keithbaddeley.com\/fr\/#\/schema\/logo\/image\/"}}]}},"_links":{"self":[{"href":"https:\/\/keithbaddeley.com\/fr\/wp-json\/wp\/v2\/pages\/998","targetHints":{"allow":["GET"]}}],"collection":[{"href":"https:\/\/keithbaddeley.com\/fr\/wp-json\/wp\/v2\/pages"}],"about":[{"href":"https:\/\/keithbaddeley.com\/fr\/wp-json\/wp\/v2\/types\/page"}],"author":[{"embeddable":true,"href":"https:\/\/keithbaddeley.com\/fr\/wp-json\/wp\/v2\/users\/1"}],"replies":[{"embeddable":true,"href":"https:\/\/keithbaddeley.com\/fr\/wp-json\/wp\/v2\/comments?post=998"}],"version-history":[{"count":9,"href":"https:\/\/keithbaddeley.com\/fr\/wp-json\/wp\/v2\/pages\/998\/revisions"}],"predecessor-version":[{"id":4391,"href":"https:\/\/keithbaddeley.com\/fr\/wp-json\/wp\/v2\/pages\/998\/revisions\/4391"}],"wp:attachment":[{"href":"https:\/\/keithbaddeley.com\/fr\/wp-json\/wp\/v2\/media?parent=998"}],"curies":[{"name":"wp","href":"https:\/\/api.w.org\/{rel}","templated":true}]}}